{"id":1312,"date":"2024-10-30T15:18:04","date_gmt":"2024-10-30T15:18:04","guid":{"rendered":"https:\/\/eu4goodgovernance.eu\/eu4bashkite\/"},"modified":"2024-11-14T12:30:50","modified_gmt":"2024-11-14T12:30:50","slug":"be-per-bashkite","status":"publish","type":"page","link":"https:\/\/eu4goodgovernance.eu\/sq\/be-per-bashkite\/","title":{"rendered":"BE p\u00ebr Bashkit\u00eb"},"content":{"rendered":"\t\t<div data-elementor-type=\"wp-page\" data-elementor-id=\"1312\" class=\"elementor elementor-1312 elementor-967\" data-elementor-post-type=\"page\">\n\t\t\t\t<div class=\"elementor-element elementor-element-57c33de0 e-flex e-con-boxed e-con e-parent\" data-id=\"57c33de0\" data-element_type=\"container\" data-e-type=\"container\" data-settings=\"{&quot;background_background&quot;:&quot;classic&quot;}\">\n\t\t\t\t\t<div class=\"e-con-inner\">\n\t\t\t\t<div class=\"elementor-element elementor-element-3a185cee subtitle-header elementor-widget elementor-widget-text-editor\" data-id=\"3a185cee\" data-element_type=\"widget\" data-e-type=\"widget\" data-widget_type=\"text-editor.default\">\n\t\t\t\t<div class=\"elementor-widget-container\">\n\t\t\t\t\t\t\t\t\t<p>EU4GG<\/p>\n\t\t\t\t\t\t\t\t<\/div>\n\t\t\t\t<\/div>\n\t\t\t\t<div class=\"elementor-element elementor-element-81e1e9a elementor-widget elementor-widget-heading\" data-id=\"81e1e9a\" data-element_type=\"widget\" data-e-type=\"widget\" data-widget_type=\"heading.default\">\n\t\t\t\t<div class=\"elementor-widget-container\">\n\t\t\t\t\t<h1 class=\"elementor-heading-title elementor-size-default\">Programi EU4GG<\/h1>\t\t\t\t<\/div>\n\t\t\t\t<\/div>\n\t\t\t\t<div class=\"elementor-element elementor-element-ba632a4 elementor-icon-list--layout-inline elementor-list-item-link-full_width elementor-widget elementor-widget-icon-list\" data-id=\"ba632a4\" data-element_type=\"widget\" data-e-type=\"widget\" data-widget_type=\"icon-list.default\">\n\t\t\t\t<div class=\"elementor-widget-container\">\n\t\t\t\t\t\t\t<ul class=\"elementor-icon-list-items elementor-inline-items\">\n\t\t\t\t\t\t\t<li class=\"elementor-icon-list-item elementor-inline-item\">\n\t\t\t\t\t\t\t\t\t\t\t<a href=\"\/\">\n\n\t\t\t\t\t\t\t\t\t\t\t<span class=\"elementor-icon-list-text\">Programi EU4GG<\/span>\n\t\t\t\t\t\t\t\t\t\t\t<\/a>\n\t\t\t\t\t\t\t\t\t<\/li>\n\t\t\t\t\t\t\t\t<li class=\"elementor-icon-list-item elementor-inline-item\">\n\t\t\t\t\t\t\t\t\t\t\t<span class=\"elementor-icon-list-icon\">\n\t\t\t\t\t\t\t<svg aria-hidden=\"true\" class=\"e-font-icon-svg e-fas-minus\" viewBox=\"0 0 448 512\" xmlns=\"http:\/\/www.w3.org\/2000\/svg\"><path d=\"M416 208H32c-17.67 0-32 14.33-32 32v32c0 17.67 14.33 32 32 32h384c17.67 0 32-14.33 32-32v-32c0-17.67-14.33-32-32-32z\"><\/path><\/svg>\t\t\t\t\t\t<\/span>\n\t\t\t\t\t\t\t\t\t\t<span class=\"elementor-icon-list-text\">BE p\u00ebr Bashkit\u00eb<\/span>\n\t\t\t\t\t\t\t\t\t<\/li>\n\t\t\t\t\t\t<\/ul>\n\t\t\t\t\t\t<\/div>\n\t\t\t\t<\/div>\n\t\t\t\t\t<\/div>\n\t\t\t\t<\/div>\n\t\t<div class=\"elementor-element elementor-element-59622c73 e-flex e-con-boxed e-con e-parent\" data-id=\"59622c73\" data-element_type=\"container\" data-e-type=\"container\">\n\t\t\t\t\t<div class=\"e-con-inner\">\n\t\t\t\t<div class=\"elementor-element elementor-element-ad440e4 elementor-widget elementor-widget-heading\" data-id=\"ad440e4\" data-element_type=\"widget\" data-e-type=\"widget\" data-widget_type=\"heading.default\">\n\t\t\t\t<div class=\"elementor-widget-container\">\n\t\t\t\t\t<h1 class=\"elementor-heading-title elementor-size-default\">BE p\u00ebr Bashkit\u00eb<\/h1>\t\t\t\t<\/div>\n\t\t\t\t<\/div>\n\t\t\t\t<div class=\"elementor-element elementor-element-5ba6bda elementor-widget elementor-widget-text-editor\" data-id=\"5ba6bda\" data-element_type=\"widget\" data-e-type=\"widget\" data-widget_type=\"text-editor.default\">\n\t\t\t\t<div class=\"elementor-widget-container\">\n\t\t\t\t\t\t\t\t\t\n<p><em>Forcimi i qeverisjes vendore p\u00ebr ofrimin m\u00eb t\u00eb mir\u00eb t\u00eb sh\u00ebrbimeve n\u00eb Shqip\u00ebri.<\/em><\/p>\n<p>Nj\u00eb skem\u00eb granti p\u00ebr modernizimin e infrastruktur\u00ebs publike lokale dhe ngritjen e kapaciteteve p\u00ebr p\u00ebrmir\u00ebsimin e qeverisjes lokale.<\/p>\n<p>Projekti EU4Municipalities ka nisur n\u00eb vitin 2021. Q\u00ebllimi i projektit ishte mb\u00ebshtetja e potencialit zhvillimor t\u00eb bashkive dhe p\u00ebrmir\u00ebsimi i kushteve socio-ekonomike dhe mjedisore t\u00eb komuniteteve lokale n\u00eb Shqip\u00ebri. Projekti synonte t\u00eb trajtonte problemet kryesore q\u00eb ndikojn\u00eb n\u00eb cil\u00ebsin\u00eb e jet\u00ebs dhe perspektivat ekonomike t\u00eb komunitetit duke p\u00ebrmir\u00ebsuar sh\u00ebrbimet publike lokale dhe duke i harmonizuar ato me standardet evropiane.  <\/p>\n<p>Projekti po zbatohej nga nj\u00eb konsorcium partner\u00ebsh t\u00eb udh\u00ebhequr nga NALAS nj\u00eb rrjet shoqatash t\u00eb autoriteteve lokale t\u00eb Evrop\u00ebs Jug-Lindore dhe p\u00ebrfshin Organizatat Jo-Qeveritare Co-Plan Institute for Habitat Development, Eco Partners for Sustainable Development dhe an\u00ebtar\u00ebt e NALAS-it n\u00eb Shqip\u00ebri Shoqata p\u00ebr Autonomin\u00eb Vendore dhe ish-Shoqata e Bashkive Shqiptare.<\/p>\n<p>M\u00eb shum\u00eb informacion rreth projektit mund t\u00eb gjeni n\u00eb faqen e internetit t\u00eb projektit: <a href=\"https:\/\/eu4municipalities.al\/en\/\">https:\/\/eu4municipalities.al\/en\/<\/a><\/p>\n\t\t\t\t\t\t\t\t<\/div>\n\t\t\t\t<\/div>\n\t\t\t\t\t<\/div>\n\t\t\t\t<\/div>\n\t\t\t\t<\/div>\n\t\t","protected":false},"excerpt":{"rendered":"<p>EU4GG Programi EU4GG Programi EU4GG BE p\u00ebr Bashkit\u00eb BE p\u00ebr Bashkit\u00eb Forcimi i qeverisjes vendore p\u00ebr ofrimin m\u00eb t\u00eb mir\u00eb t\u00eb sh\u00ebrbimeve n\u00eb Shqip\u00ebri. Nj\u00eb skem\u00eb granti p\u00ebr modernizimin e infrastruktur\u00ebs publike lokale dhe ngritjen e kapaciteteve p\u00ebr p\u00ebrmir\u00ebsimin e qeverisjes lokale. Projekti EU4Municipalities ka nisur n\u00eb vitin 2021. Q\u00ebllimi i projektit ishte mb\u00ebshtetja e [&hellip;]<\/p>\n","protected":false},"author":1,"featured_media":0,"parent":0,"menu_order":0,"comment_status":"closed","ping_status":"closed","template":"","meta":{"footnotes":""},"class_list":["post-1312","page","type-page","status-publish","hentry"],"_links":{"self":[{"href":"https:\/\/eu4goodgovernance.eu\/sq\/wp-json\/wp\/v2\/pages\/1312","targetHints":{"allow":["GET"]}}],"collection":[{"href":"https:\/\/eu4goodgovernance.eu\/sq\/wp-json\/wp\/v2\/pages"}],"about":[{"href":"https:\/\/eu4goodgovernance.eu\/sq\/wp-json\/wp\/v2\/types\/page"}],"author":[{"embeddable":true,"href":"https:\/\/eu4goodgovernance.eu\/sq\/wp-json\/wp\/v2\/users\/1"}],"replies":[{"embeddable":true,"href":"https:\/\/eu4goodgovernance.eu\/sq\/wp-json\/wp\/v2\/comments?post=1312"}],"version-history":[{"count":9,"href":"https:\/\/eu4goodgovernance.eu\/sq\/wp-json\/wp\/v2\/pages\/1312\/revisions"}],"predecessor-version":[{"id":2082,"href":"https:\/\/eu4goodgovernance.eu\/sq\/wp-json\/wp\/v2\/pages\/1312\/revisions\/2082"}],"wp:attachment":[{"href":"https:\/\/eu4goodgovernance.eu\/sq\/wp-json\/wp\/v2\/media?parent=1312"}],"curies":[{"name":"wp","href":"https:\/\/api.w.org\/{rel}","templated":true}]}}