{"id":1319,"date":"2024-10-30T14:35:58","date_gmt":"2024-10-30T14:35:58","guid":{"rendered":"https:\/\/eu4goodgovernance.eu\/komponenti-i-mbeshtetjes-se-buxhetit\/"},"modified":"2024-11-14T12:24:24","modified_gmt":"2024-11-14T12:24:24","slug":"komponenti-i-mbeshtetjes-se-buxhetit","status":"publish","type":"page","link":"https:\/\/eu4goodgovernance.eu\/sq\/komponenti-i-mbeshtetjes-se-buxhetit\/","title":{"rendered":"Komponenti i mb\u00ebshtetjes s\u00eb buxhetit"},"content":{"rendered":"\t\t<div data-elementor-type=\"wp-page\" data-elementor-id=\"1319\" class=\"elementor elementor-1319 elementor-911\" data-elementor-post-type=\"page\">\n\t\t\t\t<div class=\"elementor-element elementor-element-fcb3420 e-flex e-con-boxed e-con e-parent\" data-id=\"fcb3420\" data-element_type=\"container\" data-e-type=\"container\" data-settings=\"{&quot;background_background&quot;:&quot;classic&quot;}\">\n\t\t\t\t\t<div class=\"e-con-inner\">\n\t\t\t\t<div class=\"elementor-element elementor-element-0440010 subtitle-header elementor-widget elementor-widget-text-editor\" data-id=\"0440010\" data-element_type=\"widget\" data-e-type=\"widget\" data-widget_type=\"text-editor.default\">\n\t\t\t\t<div class=\"elementor-widget-container\">\n\t\t\t\t\t\t\t\t\t<p>EU4GG n\u00eb SHQIP\u00cbRI<\/p>\t\t\t\t\t\t\t\t<\/div>\n\t\t\t\t<\/div>\n\t\t\t\t<div class=\"elementor-element elementor-element-2b057fa elementor-widget elementor-widget-heading\" data-id=\"2b057fa\" data-element_type=\"widget\" data-e-type=\"widget\" data-widget_type=\"heading.default\">\n\t\t\t\t<div class=\"elementor-widget-container\">\n\t\t\t\t\t<h1 class=\"elementor-heading-title elementor-size-default\">Programi EU4GG<\/h1>\t\t\t\t<\/div>\n\t\t\t\t<\/div>\n\t\t\t\t<div class=\"elementor-element elementor-element-270dfa1 elementor-icon-list--layout-inline elementor-list-item-link-full_width elementor-widget elementor-widget-icon-list\" data-id=\"270dfa1\" data-element_type=\"widget\" data-e-type=\"widget\" data-widget_type=\"icon-list.default\">\n\t\t\t\t<div class=\"elementor-widget-container\">\n\t\t\t\t\t\t\t<ul class=\"elementor-icon-list-items elementor-inline-items\">\n\t\t\t\t\t\t\t<li class=\"elementor-icon-list-item elementor-inline-item\">\n\t\t\t\t\t\t\t\t\t\t\t<a href=\"\/\">\n\n\t\t\t\t\t\t\t\t\t\t\t<span class=\"elementor-icon-list-text\">Programi EU4GG<\/span>\n\t\t\t\t\t\t\t\t\t\t\t<\/a>\n\t\t\t\t\t\t\t\t\t<\/li>\n\t\t\t\t\t\t\t\t<li class=\"elementor-icon-list-item elementor-inline-item\">\n\t\t\t\t\t\t\t\t\t\t\t<span class=\"elementor-icon-list-icon\">\n\t\t\t\t\t\t\t<svg aria-hidden=\"true\" class=\"e-font-icon-svg e-fas-minus\" viewBox=\"0 0 448 512\" xmlns=\"http:\/\/www.w3.org\/2000\/svg\"><path d=\"M416 208H32c-17.67 0-32 14.33-32 32v32c0 17.67 14.33 32 32 32h384c17.67 0 32-14.33 32-32v-32c0-17.67-14.33-32-32-32z\"><\/path><\/svg>\t\t\t\t\t\t<\/span>\n\t\t\t\t\t\t\t\t\t\t<span class=\"elementor-icon-list-text\">Komponenti i mb\u00ebshtetjes s\u00eb buxhetit<\/span>\n\t\t\t\t\t\t\t\t\t<\/li>\n\t\t\t\t\t\t<\/ul>\n\t\t\t\t\t\t<\/div>\n\t\t\t\t<\/div>\n\t\t\t\t\t<\/div>\n\t\t\t\t<\/div>\n\t\t<div class=\"elementor-element elementor-element-615c2c86 e-flex e-con-boxed e-con e-parent\" data-id=\"615c2c86\" data-element_type=\"container\" data-e-type=\"container\">\n\t\t\t\t\t<div class=\"e-con-inner\">\n\t\t\t\t<div class=\"elementor-element elementor-element-4aad06a7 elementor-widget elementor-widget-text-editor\" data-id=\"4aad06a7\" data-element_type=\"widget\" data-e-type=\"widget\" data-widget_type=\"text-editor.default\">\n\t\t\t\t<div class=\"elementor-widget-container\">\n\t\t\t\t\t\t\t\t\t\n<p>Mb\u00ebshtetja e buxhetit synonte t\u00eb p\u00ebrmir\u00ebsonte qeverisjen n\u00ebp\u00ebrmjet transfertave t\u00eb drejtp\u00ebrdrejta financiare. Kjo qasje ka forcuar aft\u00ebsin\u00eb e Shqip\u00ebris\u00eb p\u00ebr t\u00eb ekzekutuar reformat duke nxitur <strong>p\u00ebrgjegjshm\u00ebrin\u00eb dhe transparenc\u00ebn<\/strong>. Fushat kryesore t\u00eb fokusit p\u00ebrfshinin:  <\/p>\n\n\n\n<ol class=\"wp-block-list\">\n<li><strong>Reforma e Administrat\u00ebs Publike (PAR)<\/strong>\n<ul class=\"wp-block-list\">\n<li>T\u00eb nxis\u00eb <strong>reformat e sh\u00ebrbimit civil<\/strong> p\u00ebr t\u00eb krijuar nj\u00eb forc\u00eb pun\u00ebtore profesionale, t\u00eb depolitizuar, me rrug\u00eb t\u00eb qarta karriere dhe sisteme t\u00eb automatizuara t\u00eb pagave.<\/li>\n\n\n\n<li>Mb\u00ebshtet harmonizimin e procedurave administrative dhe p\u00ebrputhjen me praktikat m\u00eb t\u00eb mira t\u00eb BE-s\u00eb n\u00ebp\u00ebrmjet udh\u00ebzimeve t\u00eb reja.<\/li>\n\n\n\n<li>Forconi <strong>vler\u00ebsimet e ndikimit<\/strong> dhe konsultimet publike p\u00ebr t\u00eb siguruar politik\u00ebb\u00ebrje gjith\u00ebp\u00ebrfshir\u00ebse.<\/li>\n<\/ul>\n<\/li>\n\n\n\n<li><strong>Menaxhimi Financiar Publik (PFM)<\/strong>\n<ul class=\"wp-block-list\">\n<li>Integroni planifikimin e buxhetit me politikat strategjike afatgjata p\u00ebr t\u00eb siguruar shp\u00ebrndarjen e efektshme t\u00eb burimeve.<\/li>\n\n\n\n<li>Forcimi <strong>i menaxhimit t\u00eb investimeve publike<\/strong> duke reduktuar miratimet e fragmentuara dhe duke p\u00ebrmir\u00ebsuar mbik\u00ebqyrjen e Partneritetit Publik-Privat (PPP).<\/li>\n\n\n\n<li>Futni <strong>kontrolle<\/strong> t\u00eb p\u00ebrforcuara t\u00eb angazhimit p\u00ebr t\u00eb parandaluar ri-akumulimin e arredimit si n\u00eb nivelin qendror ashtu edhe n\u00eb at\u00eb lokal.<\/li>\n<\/ul>\n<\/li>\n\n\n\n<li><strong>Pushteti lokal<\/strong>\n<ul class=\"wp-block-list\">\n<li>P\u00ebrmir\u00ebsimi i autonomis\u00eb fiskale p\u00ebr <strong>pushtetet vendore<\/strong> duke zbatuar Ligjin p\u00ebr Financat Vendore 2017.<\/li>\n<\/ul>\n<\/li>\n\n\n\n<li><strong>P\u00ebrgjegjshm\u00ebria dhe anti-korrupsioni<\/strong>\n<ul class=\"wp-block-list\">\n<li>Zhvilloni dhe monitoroni <strong>planet e integritetit<\/strong> n\u00eb t\u00eb gjith\u00eb institucionet p\u00ebr t\u00eb trajtuar sistematikisht rreziqet e korrupsionit.<\/li>\n\n\n\n<li>Siguroni respektimin e ligjeve t\u00eb transparenc\u00ebs, duke p\u00ebrfshir\u00eb rregullat e t\u00eb dh\u00ebnave t\u00eb hapura dhe aksesin e qytetar\u00ebve n\u00eb informacion.<\/li>\n<\/ul>\n<\/li>\n<\/ol>\n\n\n\n<p>Detajet rreth komponentit t\u00eb Mb\u00ebshtetjes s\u00eb Buxhetit mund t\u00eb gjenden n\u00eb Faqen e Internetit t\u00eb Projekteve t\u00eb BE-s\u00eb: https:\/\/euprojects.al\/<\/p>\n\n\n\n<figure class=\"wp-block-embed is-type-wp-embed is-provider-eu-projects-in-albania wp-block-embed-eu-projects-in-albania\"><div class=\"wp-block-embed__wrapper\">\n<blockquote class=\"wp-embedded-content\" data-secret=\"sZ4A7dI8uS\"><a href=\"https:\/\/euprojects.al\/euprojects\/eu-for-good-governance-budget-support\/\">EU for Good Governance Budget Support<\/a><\/blockquote><iframe class=\"wp-embedded-content\" sandbox=\"allow-scripts\" security=\"restricted\" style=\"position: absolute; visibility: hidden;\" title=\"&#8220;EU for Good Governance Budget Support&#8221; &#8212; EU Projects in Albania\" src=\"https:\/\/euprojects.al\/euprojects\/eu-for-good-governance-budget-support\/embed\/#?secret=Wd3YCyrukz#?secret=sZ4A7dI8uS\" data-secret=\"sZ4A7dI8uS\" width=\"600\" height=\"338\" frameborder=\"0\" marginwidth=\"0\" marginheight=\"0\" scrolling=\"no\"><\/iframe>\n<\/div><\/figure>\n\t\t\t\t\t\t\t\t<\/div>\n\t\t\t\t<\/div>\n\t\t\t\t\t<\/div>\n\t\t\t\t<\/div>\n\t\t\t\t<\/div>\n\t\t","protected":false},"excerpt":{"rendered":"<p>EU4GG n\u00eb SHQIP\u00cbRI Programi EU4GG Programi EU4GG Komponenti i mb\u00ebshtetjes s\u00eb buxhetit Mb\u00ebshtetja e buxhetit synonte t\u00eb p\u00ebrmir\u00ebsonte qeverisjen n\u00ebp\u00ebrmjet transfertave t\u00eb drejtp\u00ebrdrejta financiare. Kjo qasje ka forcuar aft\u00ebsin\u00eb e Shqip\u00ebris\u00eb p\u00ebr t\u00eb ekzekutuar reformat duke nxitur p\u00ebrgjegjshm\u00ebrin\u00eb dhe transparenc\u00ebn. Fushat kryesore t\u00eb fokusit p\u00ebrfshinin: Reforma e Administrat\u00ebs Publike (PAR) T\u00eb nxis\u00eb reformat e sh\u00ebrbimit [&hellip;]<\/p>\n","protected":false},"author":1,"featured_media":0,"parent":0,"menu_order":0,"comment_status":"closed","ping_status":"closed","template":"","meta":{"footnotes":""},"class_list":["post-1319","page","type-page","status-publish","hentry"],"_links":{"self":[{"href":"https:\/\/eu4goodgovernance.eu\/sq\/wp-json\/wp\/v2\/pages\/1319","targetHints":{"allow":["GET"]}}],"collection":[{"href":"https:\/\/eu4goodgovernance.eu\/sq\/wp-json\/wp\/v2\/pages"}],"about":[{"href":"https:\/\/eu4goodgovernance.eu\/sq\/wp-json\/wp\/v2\/types\/page"}],"author":[{"embeddable":true,"href":"https:\/\/eu4goodgovernance.eu\/sq\/wp-json\/wp\/v2\/users\/1"}],"replies":[{"embeddable":true,"href":"https:\/\/eu4goodgovernance.eu\/sq\/wp-json\/wp\/v2\/comments?post=1319"}],"version-history":[{"count":4,"href":"https:\/\/eu4goodgovernance.eu\/sq\/wp-json\/wp\/v2\/pages\/1319\/revisions"}],"predecessor-version":[{"id":2069,"href":"https:\/\/eu4goodgovernance.eu\/sq\/wp-json\/wp\/v2\/pages\/1319\/revisions\/2069"}],"wp:attachment":[{"href":"https:\/\/eu4goodgovernance.eu\/sq\/wp-json\/wp\/v2\/media?parent=1319"}],"curies":[{"name":"wp","href":"https:\/\/api.w.org\/{rel}","templated":true}]}}