{"id":1326,"date":"2024-10-30T15:18:40","date_gmt":"2024-10-30T15:18:40","guid":{"rendered":"https:\/\/eu4goodgovernance.eu\/komunat4eu\/"},"modified":"2024-11-14T12:30:04","modified_gmt":"2024-11-14T12:30:04","slug":"bashkite-per-ne-evrope","status":"publish","type":"page","link":"https:\/\/eu4goodgovernance.eu\/sq\/bashkite-per-ne-evrope\/","title":{"rendered":"Bashkit\u00eb p\u00ebr n\u00eb Evrop\u00eb"},"content":{"rendered":"\t\t<div data-elementor-type=\"wp-page\" data-elementor-id=\"1326\" class=\"elementor elementor-1326 elementor-971\" data-elementor-post-type=\"page\">\n\t\t\t\t<div class=\"elementor-element elementor-element-26dca674 e-flex e-con-boxed e-con e-parent\" data-id=\"26dca674\" data-element_type=\"container\" data-e-type=\"container\" data-settings=\"{&quot;background_background&quot;:&quot;classic&quot;}\">\n\t\t\t\t\t<div class=\"e-con-inner\">\n\t\t\t\t<div class=\"elementor-element elementor-element-26b775f9 subtitle-header elementor-widget elementor-widget-text-editor\" data-id=\"26b775f9\" data-element_type=\"widget\" data-e-type=\"widget\" data-widget_type=\"text-editor.default\">\n\t\t\t\t<div class=\"elementor-widget-container\">\n\t\t\t\t\t\t\t\t\t<p>EU4GG<\/p>\n\t\t\t\t\t\t\t\t<\/div>\n\t\t\t\t<\/div>\n\t\t\t\t<div class=\"elementor-element elementor-element-42650efa elementor-widget elementor-widget-heading\" data-id=\"42650efa\" data-element_type=\"widget\" data-e-type=\"widget\" data-widget_type=\"heading.default\">\n\t\t\t\t<div class=\"elementor-widget-container\">\n\t\t\t\t\t<h1 class=\"elementor-heading-title elementor-size-default\">Programi EU4GG<\/h1>\t\t\t\t<\/div>\n\t\t\t\t<\/div>\n\t\t\t\t<div class=\"elementor-element elementor-element-1b36ffa5 elementor-icon-list--layout-inline elementor-list-item-link-full_width elementor-widget elementor-widget-icon-list\" data-id=\"1b36ffa5\" data-element_type=\"widget\" data-e-type=\"widget\" data-widget_type=\"icon-list.default\">\n\t\t\t\t<div class=\"elementor-widget-container\">\n\t\t\t\t\t\t\t<ul class=\"elementor-icon-list-items elementor-inline-items\">\n\t\t\t\t\t\t\t<li class=\"elementor-icon-list-item elementor-inline-item\">\n\t\t\t\t\t\t\t\t\t\t\t<a href=\"\/\">\n\n\t\t\t\t\t\t\t\t\t\t\t<span class=\"elementor-icon-list-text\">Programi EU4GG<\/span>\n\t\t\t\t\t\t\t\t\t\t\t<\/a>\n\t\t\t\t\t\t\t\t\t<\/li>\n\t\t\t\t\t\t\t\t<li class=\"elementor-icon-list-item elementor-inline-item\">\n\t\t\t\t\t\t\t\t\t\t\t<span class=\"elementor-icon-list-icon\">\n\t\t\t\t\t\t\t<svg aria-hidden=\"true\" class=\"e-font-icon-svg e-fas-minus\" viewBox=\"0 0 448 512\" xmlns=\"http:\/\/www.w3.org\/2000\/svg\"><path d=\"M416 208H32c-17.67 0-32 14.33-32 32v32c0 17.67 14.33 32 32 32h384c17.67 0 32-14.33 32-32v-32c0-17.67-14.33-32-32-32z\"><\/path><\/svg>\t\t\t\t\t\t<\/span>\n\t\t\t\t\t\t\t\t\t\t<span class=\"elementor-icon-list-text\">Bashkit\u00eb p\u00ebr n\u00eb Evrop\u00eb<\/span>\n\t\t\t\t\t\t\t\t\t<\/li>\n\t\t\t\t\t\t<\/ul>\n\t\t\t\t\t\t<\/div>\n\t\t\t\t<\/div>\n\t\t\t\t\t<\/div>\n\t\t\t\t<\/div>\n\t\t<div class=\"elementor-element elementor-element-cd51ffd e-flex e-con-boxed e-con e-parent\" data-id=\"cd51ffd\" data-element_type=\"container\" data-e-type=\"container\">\n\t\t\t\t\t<div class=\"e-con-inner\">\n\t\t\t\t<div class=\"elementor-element elementor-element-8f2ea36 elementor-widget elementor-widget-heading\" data-id=\"8f2ea36\" data-element_type=\"widget\" data-e-type=\"widget\" data-widget_type=\"heading.default\">\n\t\t\t\t<div class=\"elementor-widget-container\">\n\t\t\t\t\t<h1 class=\"elementor-heading-title elementor-size-default\"><a href=\"https:\/\/eu4goodgovernance.eu\/sq\/projekti-eu4gg-ta\/\">Bashkit\u00eb p\u00ebr n\u00eb Evrop\u00eb<\/a><\/h1>\t\t\t\t<\/div>\n\t\t\t\t<\/div>\n\t\t\t\t<div class=\"elementor-element elementor-element-3b7b3e4 elementor-widget elementor-widget-text-editor\" data-id=\"3b7b3e4\" data-element_type=\"widget\" data-e-type=\"widget\" data-widget_type=\"text-editor.default\">\n\t\t\t\t<div class=\"elementor-widget-container\">\n\t\t\t\t\t\t\t\t\t<p><em>Rritja e kapaciteteve t\u00eb Nj\u00ebsive t\u00eb Qeverisjes Vendore, n\u00eb Procesin e Integrimit n\u00eb BE t\u00eb Shqip\u00ebris\u00eb.<\/em><\/p>\n<p><strong>Iniciativa &#8220;Bashkit\u00eb p\u00ebr Evrop\u00ebn&#8221;<\/strong> mb\u00ebshtet qeverit\u00eb lokale n\u00eb mir\u00ebkuptimin dhe p\u00ebrqafimin e rolit t\u00eb tyre n\u00eb procesin e integrimit n\u00eb BE, duke nxitur p\u00ebrputhjen me standardet evropiane n\u00eb nivel lokal. Ajo ka kontribuar n\u00eb forcimin e qeverisjes vendore dhe nxitjen e lidhjeve m\u00eb t\u00eb ngushta midis bashkive shqiptare dhe Bashkimit Evropian. Duke rritur kapacitetet institucionale, duke nxitur komunikimin efektiv dhe duke organizuar nisma shikueshm\u00ebrie, projekti u dha fuqi administratave lokale p\u00ebr t&#8217;u angazhuar m\u00eb mir\u00eb me politikat dhe programet e BE-s\u00eb. Funksionimi i q\u00ebndruesh\u00ebm i 61 Nj\u00ebsive t\u00eb BE-s\u00eb siguron nj\u00eb ndikim t\u00eb q\u00ebndruesh\u00ebm, duke ndihmuar bashkit\u00eb shqiptare t\u00eb p\u00ebrputhen me p\u00ebrpjekjet e integrimit evropian dhe t&#8217;u sh\u00ebrbejn\u00eb m\u00eb mir\u00eb komuniteteve t\u00eb tyre.   <\/p>\n<p>Aktivitetet e projektit u organizuan rreth tre komponent\u00ebve kryesor\u00eb:<\/p>\n<ol>\n<li><strong>Nd\u00ebrtimi institucional dhe trajnimi<\/strong><\/li>\n<li><strong>Rrjet\u00ebzimi dhe komunikimi online<\/strong><\/li>\n<li><strong>Dukshm\u00ebria dhe ngjarjet<\/strong><\/li>\n<\/ol>\n<p>N\u00ebp\u00ebrmjet k\u00ebtyre komponent\u00ebve, projekti ofroi asistenc\u00eb teknike p\u00ebr t\u00eb ngritur dhe operacionalizuar 61 Nj\u00ebsi t\u00eb BE-s\u00eb (t\u00eb referuara si &#8220;Qoshet e BE-s\u00eb&#8221;) brenda komunave. K\u00ebto nj\u00ebsi luajn\u00eb nj\u00eb rol kritik n\u00eb koordinimin e proceseve t\u00eb lidhura me BE-n\u00eb brenda vendit dhe organizimin e nismave t\u00eb p\u00ebrhapjes s\u00eb komunitetit. <\/p>\n<p>P\u00ebrfituesit e k\u00ebtyre projekteve jan\u00eb:<\/p>\n<ul>\n<li>Komunat dhe institucionet autonome<\/li>\n<li>Qytetar\u00ebt, organizatat e shoq\u00ebris\u00eb civile dhe ministrit\u00eb (ve\u00e7an\u00ebrisht Ministria e Brendshme)<\/li>\n<li>Sektori privat, duke p\u00ebrfshir\u00eb nd\u00ebrmarrjet e vogla dhe t\u00eb mesme (SME)<\/li>\n<\/ul>\n<p>M\u00eb shum\u00eb informacion rreth projektit mund t\u00eb gjeni n\u00eb faqen e internetit t\u00eb projektit:<a href=\"https:\/\/www.bpe.al\/en\">https:\/\/www.bpe.al\/en<\/a><\/p>\n\t\t\t\t\t\t\t\t<\/div>\n\t\t\t\t<\/div>\n\t\t\t\t\t<\/div>\n\t\t\t\t<\/div>\n\t\t\t\t<\/div>\n\t\t","protected":false},"excerpt":{"rendered":"<p>EU4GG Programi EU4GG Programi EU4GG Bashkit\u00eb p\u00ebr n\u00eb Evrop\u00eb Bashkit\u00eb p\u00ebr n\u00eb Evrop\u00eb Rritja e kapaciteteve t\u00eb Nj\u00ebsive t\u00eb Qeverisjes Vendore, n\u00eb Procesin e Integrimit n\u00eb BE t\u00eb Shqip\u00ebris\u00eb. Iniciativa &#8220;Bashkit\u00eb p\u00ebr Evrop\u00ebn&#8221; mb\u00ebshtet qeverit\u00eb lokale n\u00eb mir\u00ebkuptimin dhe p\u00ebrqafimin e rolit t\u00eb tyre n\u00eb procesin e integrimit n\u00eb BE, duke nxitur p\u00ebrputhjen me standardet [&hellip;]<\/p>\n","protected":false},"author":1,"featured_media":0,"parent":0,"menu_order":0,"comment_status":"closed","ping_status":"closed","template":"","meta":{"footnotes":""},"class_list":["post-1326","page","type-page","status-publish","hentry"],"_links":{"self":[{"href":"https:\/\/eu4goodgovernance.eu\/sq\/wp-json\/wp\/v2\/pages\/1326","targetHints":{"allow":["GET"]}}],"collection":[{"href":"https:\/\/eu4goodgovernance.eu\/sq\/wp-json\/wp\/v2\/pages"}],"about":[{"href":"https:\/\/eu4goodgovernance.eu\/sq\/wp-json\/wp\/v2\/types\/page"}],"author":[{"embeddable":true,"href":"https:\/\/eu4goodgovernance.eu\/sq\/wp-json\/wp\/v2\/users\/1"}],"replies":[{"embeddable":true,"href":"https:\/\/eu4goodgovernance.eu\/sq\/wp-json\/wp\/v2\/comments?post=1326"}],"version-history":[{"count":7,"href":"https:\/\/eu4goodgovernance.eu\/sq\/wp-json\/wp\/v2\/pages\/1326\/revisions"}],"predecessor-version":[{"id":2076,"href":"https:\/\/eu4goodgovernance.eu\/sq\/wp-json\/wp\/v2\/pages\/1326\/revisions\/2076"}],"wp:attachment":[{"href":"https:\/\/eu4goodgovernance.eu\/sq\/wp-json\/wp\/v2\/media?parent=1326"}],"curies":[{"name":"wp","href":"https:\/\/api.w.org\/{rel}","templated":true}]}}