{"id":1327,"date":"2024-10-30T15:23:00","date_gmt":"2024-10-30T15:23:00","guid":{"rendered":"https:\/\/eu4goodgovernance.eu\/shqiperi-shpenzimet-publike-dhe-pergjegjshmeria-financiare-pefa\/"},"modified":"2024-11-14T14:43:53","modified_gmt":"2024-11-14T14:43:53","slug":"pefa","status":"publish","type":"page","link":"https:\/\/eu4goodgovernance.eu\/sq\/pefa\/","title":{"rendered":"Shqip\u00ebri &#8211; Shpenzimet publike dhe p\u00ebrgjegjshm\u00ebria financiare (PEFA)"},"content":{"rendered":"\t\t<div data-elementor-type=\"wp-page\" data-elementor-id=\"1327\" class=\"elementor elementor-1327 elementor-989\" data-elementor-post-type=\"page\">\n\t\t\t\t<div class=\"elementor-element elementor-element-55e9de2c e-flex e-con-boxed e-con e-parent\" data-id=\"55e9de2c\" data-element_type=\"container\" data-e-type=\"container\" data-settings=\"{&quot;background_background&quot;:&quot;classic&quot;}\">\n\t\t\t\t\t<div class=\"e-con-inner\">\n\t\t\t\t<div class=\"elementor-element elementor-element-1d5f81c4 subtitle-header elementor-widget elementor-widget-text-editor\" data-id=\"1d5f81c4\" data-element_type=\"widget\" data-e-type=\"widget\" data-widget_type=\"text-editor.default\">\n\t\t\t\t<div class=\"elementor-widget-container\">\n\t\t\t\t\t\t\t\t\tEU4GG n\u00eb SHQIP\u00cbRI\t\t\t\t\t\t\t\t<\/div>\n\t\t\t\t<\/div>\n\t\t\t\t<div class=\"elementor-element elementor-element-7878b297 elementor-widget elementor-widget-heading\" data-id=\"7878b297\" data-element_type=\"widget\" data-e-type=\"widget\" data-widget_type=\"heading.default\">\n\t\t\t\t<div class=\"elementor-widget-container\">\n\t\t\t\t\t<h1 class=\"elementor-heading-title elementor-size-default\">Programi EU4GG<\/h1>\t\t\t\t<\/div>\n\t\t\t\t<\/div>\n\t\t\t\t<div class=\"elementor-element elementor-element-43ac33d3 elementor-icon-list--layout-inline elementor-list-item-link-full_width elementor-widget elementor-widget-icon-list\" data-id=\"43ac33d3\" data-element_type=\"widget\" data-e-type=\"widget\" data-widget_type=\"icon-list.default\">\n\t\t\t\t<div class=\"elementor-widget-container\">\n\t\t\t\t\t\t\t<ul class=\"elementor-icon-list-items elementor-inline-items\">\n\t\t\t\t\t\t\t<li class=\"elementor-icon-list-item elementor-inline-item\">\n\t\t\t\t\t\t\t\t\t\t\t<a href=\"\/\">\n\n\t\t\t\t\t\t\t\t\t\t\t<span class=\"elementor-icon-list-text\">Programi EU4GG<\/span>\n\t\t\t\t\t\t\t\t\t\t\t<\/a>\n\t\t\t\t\t\t\t\t\t<\/li>\n\t\t\t\t\t\t\t\t<li class=\"elementor-icon-list-item elementor-inline-item\">\n\t\t\t\t\t\t\t\t\t\t\t<span class=\"elementor-icon-list-icon\">\n\t\t\t\t\t\t\t<svg aria-hidden=\"true\" class=\"e-font-icon-svg e-fas-minus\" viewBox=\"0 0 448 512\" xmlns=\"http:\/\/www.w3.org\/2000\/svg\"><path d=\"M416 208H32c-17.67 0-32 14.33-32 32v32c0 17.67 14.33 32 32 32h384c17.67 0 32-14.33 32-32v-32c0-17.67-14.33-32-32-32z\"><\/path><\/svg>\t\t\t\t\t\t<\/span>\n\t\t\t\t\t\t\t\t\t\t<span class=\"elementor-icon-list-text\"> PEFA <\/span>\n\t\t\t\t\t\t\t\t\t<\/li>\n\t\t\t\t\t\t<\/ul>\n\t\t\t\t\t\t<\/div>\n\t\t\t\t<\/div>\n\t\t\t\t\t<\/div>\n\t\t\t\t<\/div>\n\t\t<div class=\"elementor-element elementor-element-e995fa4 e-flex e-con-boxed e-con e-parent\" data-id=\"e995fa4\" data-element_type=\"container\" data-e-type=\"container\">\n\t\t\t\t\t<div class=\"e-con-inner\">\n\t\t\t\t<div class=\"elementor-element elementor-element-fafd870 elementor-widget elementor-widget-heading\" data-id=\"fafd870\" data-element_type=\"widget\" data-e-type=\"widget\" data-widget_type=\"heading.default\">\n\t\t\t\t<div class=\"elementor-widget-container\">\n\t\t\t\t\t<h1 class=\"elementor-heading-title elementor-size-default\"><a href=\"https:\/\/eu4goodgovernance.eu\/sq\/projekti-eu4gg-ta\/\">EU4GG n\u00eb Shqip\u00ebri - Vler\u00ebsimi i shpenzimeve publike dhe p\u00ebrgjegjshm\u00ebris\u00eb financiare (PEFA)  <\/a><\/h1>\t\t\t\t<\/div>\n\t\t\t\t<\/div>\n\t\t\t\t<div class=\"elementor-element elementor-element-4a74c70 elementor-widget elementor-widget-text-editor\" data-id=\"4a74c70\" data-element_type=\"widget\" data-e-type=\"widget\" data-widget_type=\"text-editor.default\">\n\t\t\t\t<div class=\"elementor-widget-container\">\n\t\t\t\t\t\t\t\t\t<p>Vler\u00ebsimi i Shpenzimeve Publike dhe P\u00ebrgjegjshm\u00ebris\u00eb Financiare (PEFA) synon t&#8217;i ofroj\u00eb Qeveris\u00eb Shqiptare nj\u00eb diagnostikim objektiv t\u00eb p\u00ebrdit\u00ebsuar t\u00eb performanc\u00ebs komb\u00ebtare t\u00eb menaxhimit financiar publik (PFM) bazuar n\u00eb metodologjin\u00eb m\u00eb t\u00eb fundit t\u00eb PEFA. Vler\u00ebsimi vendos nj\u00eb baz\u00eb t\u00eb re PEFA dhe jep nj\u00eb update mbi ndryshimet n\u00eb performanc\u00eb q\u00eb nga vler\u00ebsimi i vitit 2011. Rezultatet pritet t\u00eb ndihmojn\u00eb qeverin\u00eb n\u00eb mbikqyrjen e zbatimit t\u00eb Strategjis\u00eb s\u00eb saj t\u00eb Reform\u00ebs s\u00eb Menaxhimit Financiar Publik 2023-2030.<\/p><p>M\u00eb shum\u00eb informacion rreth projektit mund t\u00eb gjeni n\u00eb PEFAwebsite:<\/p><p><a href=\"https:\/\/www.pefa.org\/country\/albania\">https:\/\/www.pefa.org\/country\/albania<\/a><\/p>\t\t\t\t\t\t\t\t<\/div>\n\t\t\t\t<\/div>\n\t\t\t\t\t<\/div>\n\t\t\t\t<\/div>\n\t\t\t\t<\/div>\n\t\t","protected":false},"excerpt":{"rendered":"<p>EU4GG n\u00eb SHQIP\u00cbRI Programi EU4GG Programi EU4GG PEFA EU4GG n\u00eb Shqip\u00ebri &#8211; Vler\u00ebsimi i shpenzimeve publike dhe p\u00ebrgjegjshm\u00ebris\u00eb financiare (PEFA) Vler\u00ebsimi i Shpenzimeve Publike dhe P\u00ebrgjegjshm\u00ebris\u00eb Financiare (PEFA) synon t&#8217;i ofroj\u00eb Qeveris\u00eb Shqiptare nj\u00eb diagnostikim objektiv t\u00eb p\u00ebrdit\u00ebsuar t\u00eb performanc\u00ebs komb\u00ebtare t\u00eb menaxhimit financiar publik (PFM) bazuar n\u00eb metodologjin\u00eb m\u00eb t\u00eb fundit t\u00eb PEFA. Vler\u00ebsimi [&hellip;]<\/p>\n","protected":false},"author":1,"featured_media":0,"parent":0,"menu_order":0,"comment_status":"closed","ping_status":"closed","template":"","meta":{"footnotes":""},"class_list":["post-1327","page","type-page","status-publish","hentry"],"_links":{"self":[{"href":"https:\/\/eu4goodgovernance.eu\/sq\/wp-json\/wp\/v2\/pages\/1327","targetHints":{"allow":["GET"]}}],"collection":[{"href":"https:\/\/eu4goodgovernance.eu\/sq\/wp-json\/wp\/v2\/pages"}],"about":[{"href":"https:\/\/eu4goodgovernance.eu\/sq\/wp-json\/wp\/v2\/types\/page"}],"author":[{"embeddable":true,"href":"https:\/\/eu4goodgovernance.eu\/sq\/wp-json\/wp\/v2\/users\/1"}],"replies":[{"embeddable":true,"href":"https:\/\/eu4goodgovernance.eu\/sq\/wp-json\/wp\/v2\/comments?post=1327"}],"version-history":[{"count":20,"href":"https:\/\/eu4goodgovernance.eu\/sq\/wp-json\/wp\/v2\/pages\/1327\/revisions"}],"predecessor-version":[{"id":2234,"href":"https:\/\/eu4goodgovernance.eu\/sq\/wp-json\/wp\/v2\/pages\/1327\/revisions\/2234"}],"wp:attachment":[{"href":"https:\/\/eu4goodgovernance.eu\/sq\/wp-json\/wp\/v2\/media?parent=1327"}],"curies":[{"name":"wp","href":"https:\/\/api.w.org\/{rel}","templated":true}]}}