{"id":1348,"date":"2024-10-30T15:21:57","date_gmt":"2024-10-30T15:21:57","guid":{"rendered":"https:\/\/eu4goodgovernance.eu\/projekti-star-3\/"},"modified":"2024-11-25T02:03:04","modified_gmt":"2024-11-25T02:03:04","slug":"projekti-star-3","status":"publish","type":"page","link":"https:\/\/eu4goodgovernance.eu\/sq\/projekti-star-3\/","title":{"rendered":"Projekti STAR 3"},"content":{"rendered":"\t\t<div data-elementor-type=\"wp-page\" data-elementor-id=\"1348\" class=\"elementor elementor-1348 elementor-982\" data-elementor-post-type=\"page\">\n\t\t\t\t<div class=\"elementor-element elementor-element-47eba261 e-flex e-con-boxed e-con e-parent\" data-id=\"47eba261\" data-element_type=\"container\" data-e-type=\"container\" data-settings=\"{&quot;background_background&quot;:&quot;classic&quot;}\">\n\t\t\t\t\t<div class=\"e-con-inner\">\n\t\t\t\t<div class=\"elementor-element elementor-element-42a6eaf7 subtitle-header elementor-widget elementor-widget-text-editor\" data-id=\"42a6eaf7\" data-element_type=\"widget\" data-e-type=\"widget\" data-widget_type=\"text-editor.default\">\n\t\t\t\t<div class=\"elementor-widget-container\">\n\t\t\t\t\t\t\t\t\t<p>EU4GG<\/p>\n\t\t\t\t\t\t\t\t<\/div>\n\t\t\t\t<\/div>\n\t\t\t\t<div class=\"elementor-element elementor-element-41db7d4a elementor-widget elementor-widget-heading\" data-id=\"41db7d4a\" data-element_type=\"widget\" data-e-type=\"widget\" data-widget_type=\"heading.default\">\n\t\t\t\t<div class=\"elementor-widget-container\">\n\t\t\t\t\t<h1 class=\"elementor-heading-title elementor-size-default\">Programi EU4GG<\/h1>\t\t\t\t<\/div>\n\t\t\t\t<\/div>\n\t\t\t\t<div class=\"elementor-element elementor-element-5846b615 elementor-icon-list--layout-inline elementor-list-item-link-full_width elementor-widget elementor-widget-icon-list\" data-id=\"5846b615\" data-element_type=\"widget\" data-e-type=\"widget\" data-widget_type=\"icon-list.default\">\n\t\t\t\t<div class=\"elementor-widget-container\">\n\t\t\t\t\t\t\t<ul class=\"elementor-icon-list-items elementor-inline-items\">\n\t\t\t\t\t\t\t<li class=\"elementor-icon-list-item elementor-inline-item\">\n\t\t\t\t\t\t\t\t\t\t\t<a href=\"\/\">\n\n\t\t\t\t\t\t\t\t\t\t\t<span class=\"elementor-icon-list-text\">Programi EU4GG<\/span>\n\t\t\t\t\t\t\t\t\t\t\t<\/a>\n\t\t\t\t\t\t\t\t\t<\/li>\n\t\t\t\t\t\t\t\t<li class=\"elementor-icon-list-item elementor-inline-item\">\n\t\t\t\t\t\t\t\t\t\t\t<span class=\"elementor-icon-list-icon\">\n\t\t\t\t\t\t\t<svg aria-hidden=\"true\" class=\"e-font-icon-svg e-fas-minus\" viewBox=\"0 0 448 512\" xmlns=\"http:\/\/www.w3.org\/2000\/svg\"><path d=\"M416 208H32c-17.67 0-32 14.33-32 32v32c0 17.67 14.33 32 32 32h384c17.67 0 32-14.33 32-32v-32c0-17.67-14.33-32-32-32z\"><\/path><\/svg>\t\t\t\t\t\t<\/span>\n\t\t\t\t\t\t\t\t\t\t<span class=\"elementor-icon-list-text\">Projekti STAR 3<\/span>\n\t\t\t\t\t\t\t\t\t<\/li>\n\t\t\t\t\t\t<\/ul>\n\t\t\t\t\t\t<\/div>\n\t\t\t\t<\/div>\n\t\t\t\t\t<\/div>\n\t\t\t\t<\/div>\n\t\t<div class=\"elementor-element elementor-element-c06384a e-flex e-con-boxed e-con e-parent\" data-id=\"c06384a\" data-element_type=\"container\" data-e-type=\"container\">\n\t\t\t\t\t<div class=\"e-con-inner\">\n\t\t\t\t<div class=\"elementor-element elementor-element-2b66502 elementor-widget elementor-widget-heading\" data-id=\"2b66502\" data-element_type=\"widget\" data-e-type=\"widget\" data-widget_type=\"heading.default\">\n\t\t\t\t<div class=\"elementor-widget-container\">\n\t\t\t\t\t<h1 class=\"elementor-heading-title elementor-size-default\"><a href=\"https:\/\/eu4goodgovernance.eu\/sq\/projekti-eu4gg-ta\/\">Projekti STAR 3<\/a><\/h1>\t\t\t\t<\/div>\n\t\t\t\t<\/div>\n\t\t\t\t<div class=\"elementor-element elementor-element-8f4aba1 elementor-widget elementor-widget-text-editor\" data-id=\"8f4aba1\" data-element_type=\"widget\" data-e-type=\"widget\" data-widget_type=\"text-editor.default\">\n\t\t\t\t<div class=\"elementor-widget-container\">\n\t\t\t\t\t\t\t\t\t<p><em>Mb\u00ebshtetja dhe p\u00ebrparimi i reform\u00ebs s\u00eb qeverisjes vendore<\/em><\/p><p><strong>Mb\u00ebshtetje p\u00ebr Programin Multi-Donator STAR3<\/strong>: Bashk\u00ebfinancuar me partner\u00eb t\u00eb tjer\u00eb t\u00eb zhvillimit dhe zbatuar nga PNUD, nisma STAR3 q\u00eb ka p\u00ebr q\u00ebllim forcimin e qeverisjes lokale, konsolidimin e p\u00ebrparimit nga fazat e m\u00ebparshme p\u00ebr t\u00eb rritur sh\u00ebrbimet dhe kapacitetet komunale. Ishte nj\u00eb nism\u00eb strategjike q\u00eb synonte konsolidimin e arritjeve t\u00eb reformave t\u00eb decentralizimit t\u00eb Shqip\u00ebris\u00eb. Zhvilluar n\u00eb partneritet me Ministrin\u00eb e Brendshme dhe partner\u00ebt kryesor\u00eb t\u00eb zhvillimit, STAR3 vazhdoi trash\u00ebgimin\u00eb e paraardh\u00ebsve t\u00eb saj, STAR 1 dhe STAR2, nd\u00ebrsa prezantoi element\u00eb t\u00eb rinj p\u00ebr t\u00eb mb\u00ebshtetur procesin e decentralizimit n\u00eb vazhdim t\u00eb Shqip\u00ebris\u00eb.<\/p><p>Projekti STAR3 reflektoi angazhimin e rinovuar t\u00eb qeveris\u00eb shqiptare p\u00ebr avancimin e reformave t\u00eb qeverisjes vendore. I zhvilluar n\u00eb konsultim t\u00eb ngusht\u00eb me Ministrin\u00eb e Brendshme, projekti ishte n\u00eb p\u00ebrputhje me <strong>Strategjin\u00eb Komb\u00ebtare t\u00eb Kryq\u00ebzimit p\u00ebr Decentralizimin dhe Qeverisjen Vendore (NCSDLG)<\/strong> t\u00eb Shqip\u00ebris\u00eb<strong>,<\/strong> duke iu p\u00ebrgjigjur kontekstit n\u00eb zhvillim t\u00eb asistenc\u00ebs p\u00ebr zhvillim n\u00eb vend. STAR3 synon t\u00eb nd\u00ebrtoj\u00eb mbi themelet e STAR2, duke konsoliduar fitimet e m\u00ebparshme, nd\u00ebrsa fut risit\u00eb dhe praktikat e zgjeruara p\u00ebr t\u00eb forcuar m\u00eb tej kapacitetet e qeverisjes s\u00eb komunave.<\/p><p>Projekti u p\u00ebrq\u00ebndrua n\u00eb p\u00ebrmir\u00ebsimin e <strong>efektshm\u00ebris\u00eb dhe p\u00ebrgjegjshm\u00ebris\u00eb s\u00eb pushtetit vendor<\/strong> n\u00ebp\u00ebrmjet konsolidimit t\u00eb sistemeve, novacionit n\u00eb dh\u00ebnien e sh\u00ebrbimeve dhe miratimit t\u00eb praktikave m\u00eb t\u00eb mira, me nj\u00eb theks t\u00eb fort\u00eb n\u00eb barazin\u00eb gjinore dhe p\u00ebrfshirjen sociale. Objektivi i p\u00ebrgjithsh\u00ebm u mb\u00ebshtet nga tre objektiva specifike:<\/p><ol><li><strong>Qeverisja pjes\u00ebmarr\u00ebse:<\/strong> krijimi i mekanizmave t\u00eb qeverisjes pjes\u00ebmarr\u00ebse q\u00eb angazhojn\u00eb qytetar\u00ebt, organizatat e shoq\u00ebris\u00eb civile dhe t\u00eb tjer\u00eb t\u00eb interesuar n\u00eb proceset lokale t\u00eb vendim-marrjes. Q\u00ebllimi ishte t\u00eb nxiste <strong>angazhimin qytetar<\/strong> dhe t\u00eb siguronte p\u00ebrgjegjshm\u00ebri si ndaj grave, ashtu edhe ndaj burrave.<\/li><li><strong>P\u00ebrmir\u00ebsimi i performanc\u00ebs komunale:<\/strong> p\u00ebrmir\u00ebsimi i sistemeve dhe standardeve komunale p\u00ebr t\u00eb p\u00ebrmir\u00ebsuar ofrimin e sh\u00ebrbimeve, duke u fokusuar n\u00eb <strong>zgjerimin dhe konsolidimin e kornizave t\u00eb menaxhimit t\u00eb performanc\u00ebs<\/strong>.<\/li><li><strong>Ngritja e kapaciteteve p\u00ebr decentralizim:<\/strong> forcimi i kapaciteteve t\u00eb institucioneve p\u00ebrgjegj\u00ebse p\u00ebr decentralizimin, ve\u00e7an\u00ebrisht n\u00eb zhvillimin e politikave, koordinimin dhe monitorimin. Kjo kishte p\u00ebr q\u00ebllim t\u00eb siguronte q\u00eb <strong>reformat e qeverisjes komunale t\u00eb zbatoheshin dhe t\u00eb mbaheshin n\u00eb m\u00ebnyr\u00eb efektive<\/strong> me kalimin e koh\u00ebs.<\/li><\/ol><p>Projekti STAR3 theksoi<strong>partneritetin, komplementaritetin dhe koordinimin<\/strong> n\u00eb nivele t\u00eb ndryshme t\u00eb aktor\u00ebve t\u00eb qeveris\u00eb dhe zhvillimit. Ministria e Brendshme sh\u00ebrbeu si homologu kryesor, duke siguruar p\u00ebrputhjen me politikat komb\u00ebtare t\u00eb decentralizimit. Partner\u00ebt e projektit p\u00ebrfshinin:<\/p><ul><li><strong>Bashkit\u00eb Shqiptare<\/strong>, si p\u00ebrfitueset kryesore, duke luajtur nj\u00eb rol kritik n\u00eb p\u00ebrthithjen dhe zbatimin e nd\u00ebrhyrjeve t\u00eb projekteve. Kapacitetet e tyre t\u00eb angazhimit dhe p\u00ebrthithjes ishin kritike p\u00ebr zbatimin me sukses t\u00eb aktiviteteve si dhe p\u00ebr q\u00ebndrueshm\u00ebrin\u00eb e nd\u00ebrhyrjeve t\u00eb parashikuara nga projekti.<\/li><li><strong>Organizatat e Shoq\u00ebris\u00eb Civile (OSC)<\/strong>, p\u00ebr t\u00eb leht\u00ebsuar nismat e qeverisjes pjes\u00ebmarr\u00ebse dhe p\u00ebrfshirjes sociale.<\/li><li><strong>Partner\u00ebt e zhvillimit<\/strong>: sigurimi<strong>i sinergjive dhe harmonizimi me nismat e tjera t\u00eb financuara nga donator\u00ebt<\/strong><strong>, <\/strong>maksimizimi i ndikimit t\u00eb reformave n\u00eb fusha t\u00eb tilla si menaxhimi i financave lokale, qeverisja demokratike dhe ngritja e kapaciteteve administrative.<\/li><\/ul><p>STAR3 integroi \u00e7\u00ebshtjet e prerjes s\u00eb kryq\u00ebzuara, t\u00eb tilla si <strong>integrimi gjinor i p\u00ebrfshirjes <\/strong>sociale, <strong>dhe q\u00ebndrueshm\u00ebria mjedisore<\/strong> gjat\u00eb gjith\u00eb veprimtarive t\u00eb saj t\u00eb cilat konsiderohen si qendrore p\u00ebr aktivitetet e projektit, nd\u00ebrsa mb\u00ebshtesin pushtetin lokal p\u00ebr t\u00eb p\u00ebrmir\u00ebsuar sistemet p\u00ebr dh\u00ebnien e sh\u00ebrbimeve dhe demokracin\u00eb e tij.<\/p><p>M\u00eb shum\u00eb detaje rreth projektit mund t\u00eb gjenden n\u00eb faqen e <a href=\"https:\/\/euprojects.al\/euprojects\/star3-sustaining-and-advancing-local-governance-reform\/\">EU Projects in Albania<\/a>.<\/p><p>M\u00eb shum\u00eb informacion rreth projektit mund t\u00eb gjeni n\u00eb faqen e internetit t\u00eb UNDP Albania \u2013 <a href=\"https:\/\/www.undp.org\/albania\/projects\/star-3-sustaining-and-advancing-local-governance-reform\">STAR3 Project on UNDP Albania<\/a>.<\/p>\t\t\t\t\t\t\t\t<\/div>\n\t\t\t\t<\/div>\n\t\t\t\t\t<\/div>\n\t\t\t\t<\/div>\n\t\t\t\t<\/div>\n\t\t","protected":false},"excerpt":{"rendered":"<p>EU4GG Programi EU4GG Programi EU4GG Projekti STAR 3 Projekti STAR 3 Mb\u00ebshtetja dhe p\u00ebrparimi i reform\u00ebs s\u00eb qeverisjes vendore Mb\u00ebshtetje p\u00ebr Programin Multi-Donator STAR3: Bashk\u00ebfinancuar me partner\u00eb t\u00eb tjer\u00eb t\u00eb zhvillimit dhe zbatuar nga PNUD, nisma STAR3 q\u00eb ka p\u00ebr q\u00ebllim forcimin e qeverisjes lokale, konsolidimin e p\u00ebrparimit nga fazat e m\u00ebparshme p\u00ebr t\u00eb rritur [&hellip;]<\/p>\n","protected":false},"author":1,"featured_media":0,"parent":0,"menu_order":0,"comment_status":"closed","ping_status":"closed","template":"","meta":{"footnotes":""},"class_list":["post-1348","page","type-page","status-publish","hentry"],"_links":{"self":[{"href":"https:\/\/eu4goodgovernance.eu\/sq\/wp-json\/wp\/v2\/pages\/1348","targetHints":{"allow":["GET"]}}],"collection":[{"href":"https:\/\/eu4goodgovernance.eu\/sq\/wp-json\/wp\/v2\/pages"}],"about":[{"href":"https:\/\/eu4goodgovernance.eu\/sq\/wp-json\/wp\/v2\/types\/page"}],"author":[{"embeddable":true,"href":"https:\/\/eu4goodgovernance.eu\/sq\/wp-json\/wp\/v2\/users\/1"}],"replies":[{"embeddable":true,"href":"https:\/\/eu4goodgovernance.eu\/sq\/wp-json\/wp\/v2\/comments?post=1348"}],"version-history":[{"count":5,"href":"https:\/\/eu4goodgovernance.eu\/sq\/wp-json\/wp\/v2\/pages\/1348\/revisions"}],"predecessor-version":[{"id":2878,"href":"https:\/\/eu4goodgovernance.eu\/sq\/wp-json\/wp\/v2\/pages\/1348\/revisions\/2878"}],"wp:attachment":[{"href":"https:\/\/eu4goodgovernance.eu\/sq\/wp-json\/wp\/v2\/media?parent=1348"}],"curies":[{"name":"wp","href":"https:\/\/api.w.org\/{rel}","templated":true}]}}