{"id":1357,"date":"2024-10-21T20:44:08","date_gmt":"2024-10-21T20:44:08","guid":{"rendered":"https:\/\/eu4goodgovernance.eu\/eu4gg\/"},"modified":"2024-11-26T21:55:55","modified_gmt":"2024-11-26T21:55:55","slug":"eu4gg","status":"publish","type":"page","link":"https:\/\/eu4goodgovernance.eu\/sq\/eu4gg\/","title":{"rendered":"Programi EU4GG"},"content":{"rendered":"\t\t<div data-elementor-type=\"wp-page\" data-elementor-id=\"1357\" class=\"elementor elementor-1357 elementor-871\" data-elementor-post-type=\"page\">\n\t\t\t\t<div class=\"elementor-element elementor-element-4cc7509c e-flex e-con-boxed e-con e-parent\" data-id=\"4cc7509c\" data-element_type=\"container\" data-e-type=\"container\" data-settings=\"{&quot;background_background&quot;:&quot;classic&quot;}\">\n\t\t\t\t\t<div class=\"e-con-inner\">\n\t\t\t\t<div class=\"elementor-element elementor-element-46a1a0ae subtitle-header elementor-widget elementor-widget-text-editor\" data-id=\"46a1a0ae\" data-element_type=\"widget\" data-e-type=\"widget\" data-widget_type=\"text-editor.default\">\n\t\t\t\t<div class=\"elementor-widget-container\">\n\t\t\t\t\t\t\t\t\t<p>EU4GG n\u00eb SHQIP\u00cbRI<\/p>\t\t\t\t\t\t\t\t<\/div>\n\t\t\t\t<\/div>\n\t\t\t\t<div class=\"elementor-element elementor-element-2a114fd4 elementor-widget elementor-widget-heading\" data-id=\"2a114fd4\" data-element_type=\"widget\" data-e-type=\"widget\" data-widget_type=\"heading.default\">\n\t\t\t\t<div class=\"elementor-widget-container\">\n\t\t\t\t\t<h1 class=\"elementor-heading-title elementor-size-default\">Programi BE p\u00ebr Mir\u00ebqeverisje<\/h1>\t\t\t\t<\/div>\n\t\t\t\t<\/div>\n\t\t\t\t<div class=\"elementor-element elementor-element-64613892 elementor-icon-list--layout-inline elementor-list-item-link-full_width elementor-widget elementor-widget-icon-list\" data-id=\"64613892\" data-element_type=\"widget\" data-e-type=\"widget\" data-widget_type=\"icon-list.default\">\n\t\t\t\t<div class=\"elementor-widget-container\">\n\t\t\t\t\t\t\t<ul class=\"elementor-icon-list-items elementor-inline-items\">\n\t\t\t\t\t\t\t<li class=\"elementor-icon-list-item elementor-inline-item\">\n\t\t\t\t\t\t\t\t\t\t\t<a href=\"\/\">\n\n\t\t\t\t\t\t\t\t\t\t\t<span class=\"elementor-icon-list-text\">Kreu<\/span>\n\t\t\t\t\t\t\t\t\t\t\t<\/a>\n\t\t\t\t\t\t\t\t\t<\/li>\n\t\t\t\t\t\t\t\t<li class=\"elementor-icon-list-item elementor-inline-item\">\n\t\t\t\t\t\t\t\t\t\t\t<span class=\"elementor-icon-list-icon\">\n\t\t\t\t\t\t\t<svg aria-hidden=\"true\" class=\"e-font-icon-svg e-fas-minus\" viewBox=\"0 0 448 512\" xmlns=\"http:\/\/www.w3.org\/2000\/svg\"><path d=\"M416 208H32c-17.67 0-32 14.33-32 32v32c0 17.67 14.33 32 32 32h384c17.67 0 32-14.33 32-32v-32c0-17.67-14.33-32-32-32z\"><\/path><\/svg>\t\t\t\t\t\t<\/span>\n\t\t\t\t\t\t\t\t\t\t<span class=\"elementor-icon-list-text\">Programi EU4GG<\/span>\n\t\t\t\t\t\t\t\t\t<\/li>\n\t\t\t\t\t\t<\/ul>\n\t\t\t\t\t\t<\/div>\n\t\t\t\t<\/div>\n\t\t\t\t\t<\/div>\n\t\t\t\t<\/div>\n\t\t<div class=\"elementor-element elementor-element-7d95ee8 e-flex e-con-boxed e-con e-parent\" data-id=\"7d95ee8\" data-element_type=\"container\" data-e-type=\"container\">\n\t\t\t\t\t<div class=\"e-con-inner\">\n\t\t<div class=\"elementor-element elementor-element-d390e71 e-con-full e-flex e-con e-child\" data-id=\"d390e71\" data-element_type=\"container\" data-e-type=\"container\">\n\t\t\t\t<div class=\"elementor-element elementor-element-80daeaf elementor-icon-list--layout-traditional elementor-list-item-link-full_width elementor-widget elementor-widget-icon-list\" data-id=\"80daeaf\" data-element_type=\"widget\" data-e-type=\"widget\" data-settings=\"{&quot;sticky&quot;:&quot;top&quot;,&quot;sticky_parent&quot;:&quot;yes&quot;,&quot;sticky_on&quot;:[&quot;desktop&quot;,&quot;tablet&quot;,&quot;mobile&quot;],&quot;sticky_offset&quot;:0,&quot;sticky_effects_offset&quot;:0}\" data-widget_type=\"icon-list.default\">\n\t\t\t\t<div class=\"elementor-widget-container\">\n\t\t\t\t\t\t\t<ul class=\"elementor-icon-list-items\">\n\t\t\t\t\t\t\t<li class=\"elementor-icon-list-item\">\n\t\t\t\t\t\t\t\t\t\t\t<a href=\"#Budget%20Mb\u00ebshtet%20Componen\">\n\n\t\t\t\t\t\t\t\t\t\t\t\t<span class=\"elementor-icon-list-icon\">\n\t\t\t\t\t\t\t<svg aria-hidden=\"true\" class=\"e-font-icon-svg e-fas-check\" viewBox=\"0 0 512 512\" xmlns=\"http:\/\/www.w3.org\/2000\/svg\"><path d=\"M173.898 439.404l-166.4-166.4c-9.997-9.997-9.997-26.206 0-36.204l36.203-36.204c9.997-9.998 26.207-9.998 36.204 0L192 312.69 432.095 72.596c9.997-9.997 26.207-9.997 36.204 0l36.203 36.204c9.997 9.997 9.997 26.206 0 36.204l-294.4 294.401c-9.998 9.997-26.207 9.997-36.204-.001z\"><\/path><\/svg>\t\t\t\t\t\t<\/span>\n\t\t\t\t\t\t\t\t\t\t<span class=\"elementor-icon-list-text\">Komponenti i mb\u00ebshtetjes s\u00eb buxhetit<\/span>\n\t\t\t\t\t\t\t\t\t\t\t<\/a>\n\t\t\t\t\t\t\t\t\t<\/li>\n\t\t\t\t\t\t\t\t<li class=\"elementor-icon-list-item\">\n\t\t\t\t\t\t\t\t\t\t\t<a href=\"#EU%20p\u00ebr%20projektin%20TA%20t\u00eb%20Qeverisjes%20s\u00eb%20Mir\u00eb\">\n\n\t\t\t\t\t\t\t\t\t\t\t\t<span class=\"elementor-icon-list-icon\">\n\t\t\t\t\t\t\t<svg aria-hidden=\"true\" class=\"e-font-icon-svg e-fas-check\" viewBox=\"0 0 512 512\" xmlns=\"http:\/\/www.w3.org\/2000\/svg\"><path d=\"M173.898 439.404l-166.4-166.4c-9.997-9.997-9.997-26.206 0-36.204l36.203-36.204c9.997-9.998 26.207-9.998 36.204 0L192 312.69 432.095 72.596c9.997-9.997 26.207-9.997 36.204 0l36.203 36.204c9.997 9.997 9.997 26.206 0 36.204l-294.4 294.401c-9.998 9.997-26.207 9.997-36.204-.001z\"><\/path><\/svg>\t\t\t\t\t\t<\/span>\n\t\t\t\t\t\t\t\t\t\t<span class=\"elementor-icon-list-text\">Projekti TA i BE-s\u00eb p\u00ebr Qeverisjen e Mir\u00eb<\/span>\n\t\t\t\t\t\t\t\t\t\t\t<\/a>\n\t\t\t\t\t\t\t\t\t<\/li>\n\t\t\t\t\t\t\t\t<li class=\"elementor-icon-list-item\">\n\t\t\t\t\t\t\t\t\t\t\t<a href=\"#EU4Municipalities\">\n\n\t\t\t\t\t\t\t\t\t\t\t\t<span class=\"elementor-icon-list-icon\">\n\t\t\t\t\t\t\t<svg aria-hidden=\"true\" class=\"e-font-icon-svg e-fas-check\" viewBox=\"0 0 512 512\" xmlns=\"http:\/\/www.w3.org\/2000\/svg\"><path d=\"M173.898 439.404l-166.4-166.4c-9.997-9.997-9.997-26.206 0-36.204l36.203-36.204c9.997-9.998 26.207-9.998 36.204 0L192 312.69 432.095 72.596c9.997-9.997 26.207-9.997 36.204 0l36.203 36.204c9.997 9.997 9.997 26.206 0 36.204l-294.4 294.401c-9.998 9.997-26.207 9.997-36.204-.001z\"><\/path><\/svg>\t\t\t\t\t\t<\/span>\n\t\t\t\t\t\t\t\t\t\t<span class=\"elementor-icon-list-text\">EU4Bashkit\u00eb<\/span>\n\t\t\t\t\t\t\t\t\t\t\t<\/a>\n\t\t\t\t\t\t\t\t\t<\/li>\n\t\t\t\t\t\t\t\t<li class=\"elementor-icon-list-item\">\n\t\t\t\t\t\t\t\t\t\t\t<a href=\"#Municipalities4EU\">\n\n\t\t\t\t\t\t\t\t\t\t\t\t<span class=\"elementor-icon-list-icon\">\n\t\t\t\t\t\t\t<svg aria-hidden=\"true\" class=\"e-font-icon-svg e-fas-check\" viewBox=\"0 0 512 512\" xmlns=\"http:\/\/www.w3.org\/2000\/svg\"><path d=\"M173.898 439.404l-166.4-166.4c-9.997-9.997-9.997-26.206 0-36.204l36.203-36.204c9.997-9.998 26.207-9.998 36.204 0L192 312.69 432.095 72.596c9.997-9.997 26.207-9.997 36.204 0l36.203 36.204c9.997 9.997 9.997 26.206 0 36.204l-294.4 294.401c-9.998 9.997-26.207 9.997-36.204-.001z\"><\/path><\/svg>\t\t\t\t\t\t<\/span>\n\t\t\t\t\t\t\t\t\t\t<span class=\"elementor-icon-list-text\">Komunat4EU<\/span>\n\t\t\t\t\t\t\t\t\t\t\t<\/a>\n\t\t\t\t\t\t\t\t\t<\/li>\n\t\t\t\t\t\t\t\t<li class=\"elementor-icon-list-item\">\n\t\t\t\t\t\t\t\t\t\t\t<a href=\"#pefa\">\n\n\t\t\t\t\t\t\t\t\t\t\t\t<span class=\"elementor-icon-list-icon\">\n\t\t\t\t\t\t\t<svg aria-hidden=\"true\" class=\"e-font-icon-svg e-fas-check\" viewBox=\"0 0 512 512\" xmlns=\"http:\/\/www.w3.org\/2000\/svg\"><path d=\"M173.898 439.404l-166.4-166.4c-9.997-9.997-9.997-26.206 0-36.204l36.203-36.204c9.997-9.998 26.207-9.998 36.204 0L192 312.69 432.095 72.596c9.997-9.997 26.207-9.997 36.204 0l36.203 36.204c9.997 9.997 9.997 26.206 0 36.204l-294.4 294.401c-9.998 9.997-26.207 9.997-36.204-.001z\"><\/path><\/svg>\t\t\t\t\t\t<\/span>\n\t\t\t\t\t\t\t\t\t\t<span class=\"elementor-icon-list-text\">PEPA<\/span>\n\t\t\t\t\t\t\t\t\t\t\t<\/a>\n\t\t\t\t\t\t\t\t\t<\/li>\n\t\t\t\t\t\t<\/ul>\n\t\t\t\t\t\t<\/div>\n\t\t\t\t<\/div>\n\t\t\t\t<\/div>\n\t\t<div class=\"elementor-element elementor-element-bd69ac2 e-con-full e-flex e-con e-child\" data-id=\"bd69ac2\" data-element_type=\"container\" data-e-type=\"container\">\n\t\t\t\t<div class=\"elementor-element elementor-element-e002e49 elementor-widget elementor-widget-heading\" data-id=\"e002e49\" data-element_type=\"widget\" data-e-type=\"widget\" id=\"Budget Support Componen\" data-widget_type=\"heading.default\">\n\t\t\t\t<div class=\"elementor-widget-container\">\n\t\t\t\t\t<h2 class=\"elementor-heading-title elementor-size-default\"><a href=\"#Budget%20Mb\u00ebshtet%20Componen\">Komponenti i mb\u00ebshtetjes buxhetore<\/a><\/h2>\t\t\t\t<\/div>\n\t\t\t\t<\/div>\n\t\t\t\t<div class=\"elementor-element elementor-element-e88b7c0 elementor-widget elementor-widget-text-editor\" data-id=\"e88b7c0\" data-element_type=\"widget\" data-e-type=\"widget\" data-widget_type=\"text-editor.default\">\n\t\t\t\t<div class=\"elementor-widget-container\">\n\t\t\t\t\t\t\t\t\t<p>Mb\u00ebshtetja buxhetore synon t\u00eb p\u00ebrmir\u00ebsoj\u00eb qeverisjen n\u00ebp\u00ebrmjet transfertave t\u00eb drejtp\u00ebrdrejta financiare. Kjo qasje synon forcimin e aft\u00ebsis\u00eb s\u00eb Qeveris\u00eb Shqiptare p\u00ebr t\u00eb ekzekutuar reformat duke nxitur <strong>p\u00ebrgjegjshm\u00ebrin\u00eb dhe transparenc\u00ebn<\/strong>. Fushat kryesore t\u00eb fokusimit <a style=\"font-family: var( --e-global-typography-text-font-family ), Sans-serif; font-weight: var( --e-global-typography-text-font-weight ); text-align: var(--text-align); background-color: #ffffff; font-size: 1rem;\" href=\"https:\/\/eu4goodgovernance.eu\/sq\/komponenti-i-mbeshtetjes-se-buxhetit\/\" target=\"_blank\" rel=\"noopener\">Lexo m\u00eb shum\u00eb&#8230;<\/a><\/p>\t\t\t\t\t\t\t\t<\/div>\n\t\t\t\t<\/div>\n\t\t\t\t<div class=\"elementor-element elementor-element-f8f2c80 elementor-widget elementor-widget-heading\" data-id=\"f8f2c80\" data-element_type=\"widget\" data-e-type=\"widget\" id=\"EU for Good Governance TA Project\" data-widget_type=\"heading.default\">\n\t\t\t\t<div class=\"elementor-widget-container\">\n\t\t\t\t\t<h2 class=\"elementor-heading-title elementor-size-default\"><a href=\"https:\/\/eu4goodgovernance.eu\/eu4gg-ta-project\/\">Projekti i Asisten\u00ebs Teknike BE p\u00ebr Mir\u00ebqeverisje<\/a><\/h2>\t\t\t\t<\/div>\n\t\t\t\t<\/div>\n\t\t\t\t<div class=\"elementor-element elementor-element-a6a3554 elementor-widget elementor-widget-text-editor\" data-id=\"a6a3554\" data-element_type=\"widget\" data-e-type=\"widget\" data-widget_type=\"text-editor.default\">\n\t\t\t\t<div class=\"elementor-widget-container\">\n\t\t\t\t\t\t\t\t\t<p>Projekti i asistenc\u00ebs teknike &#8220;BE p\u00ebr Mir\u00ebqeverisje n\u00eb nivel qendror dhe lokal me fokus n\u00eb Reform\u00ebn e Administrat\u00ebs Publike, Menaxhimin e Financave Publike dhe Luft\u00ebn Kund\u00ebr Korrupsionit\u201d \u00ebsht\u00eb pjes\u00eb e Programit BE p\u00ebr Mir\u00ebqeverisje n\u00eb Shqip\u00ebri. <a href=\"https:\/\/eu4goodgovernance.eu\/eu4gg-ta-project\/\" target=\"_blank\" rel=\"noopener\">Lexo m\u00eb shum\u00eb&#8230;<\/a><\/p>\t\t\t\t\t\t\t\t<\/div>\n\t\t\t\t<\/div>\n\t\t\t\t<div class=\"elementor-element elementor-element-8ede124 elementor-widget elementor-widget-heading\" data-id=\"8ede124\" data-element_type=\"widget\" data-e-type=\"widget\" id=\"EU4Municipalities\" data-widget_type=\"heading.default\">\n\t\t\t\t<div class=\"elementor-widget-container\">\n\t\t\t\t\t<h2 class=\"elementor-heading-title elementor-size-default\"><a href=\"https:\/\/eu4goodgovernance.eu\/eu4municipalities\/\">EU p\u00ebr Bashkit\u00eb<\/a><\/h2>\t\t\t\t<\/div>\n\t\t\t\t<\/div>\n\t\t\t\t<div class=\"elementor-element elementor-element-07df8af elementor-widget elementor-widget-text-editor\" data-id=\"07df8af\" data-element_type=\"widget\" data-e-type=\"widget\" data-widget_type=\"text-editor.default\">\n\t\t\t\t<div class=\"elementor-widget-container\">\n\t\t\t\t\t\t\t\t\t<p>Forcimi i qeverisjes vendore p\u00ebr ofrimin m\u00eb t\u00eb mir\u00eb t\u00eb sh\u00ebrbimeve n\u00eb Shqip\u00ebri. Nj\u00eb skem\u00eb granti p\u00ebr modernizimin e infrastruktur\u00ebs publike lokale dhe ngritjen e kapaciteteve p\u00ebr p\u00ebrmir\u00ebsimin e qeverisjes lokale.   <a href=\"https:\/\/eu4goodgovernance.eu\/sq\/eu4bashkite\/\" target=\"_blank\" rel=\"noopener\">Lexo m\u00eb shum\u00eb&#8230;<\/a><\/p>\n\t\t\t\t\t\t\t\t<\/div>\n\t\t\t\t<\/div>\n\t\t\t\t<div class=\"elementor-element elementor-element-b1eb3fb elementor-widget elementor-widget-heading\" data-id=\"b1eb3fb\" data-element_type=\"widget\" data-e-type=\"widget\" id=\"Municipalities4EU\" data-widget_type=\"heading.default\">\n\t\t\t\t<div class=\"elementor-widget-container\">\n\t\t\t\t\t<h2 class=\"elementor-heading-title elementor-size-default\"><a href=\"https:\/\/eu4goodgovernance.eu\/municipalities4eu\/\">Bashkit\u00eb p\u00ebr n\u00eb Evrop\u00eb<\/a><\/h2>\t\t\t\t<\/div>\n\t\t\t\t<\/div>\n\t\t\t\t<div class=\"elementor-element elementor-element-7735fb5 elementor-widget elementor-widget-text-editor\" data-id=\"7735fb5\" data-element_type=\"widget\" data-e-type=\"widget\" data-widget_type=\"text-editor.default\">\n\t\t\t\t<div class=\"elementor-widget-container\">\n\t\t\t\t\t\t\t\t\t<p>Rritja e kapaciteteve t\u00eb nj\u00ebsive t\u00eb Qeverisjes Vendore, n\u00eb procesin e integrimit t\u00eb Shqip\u00ebris\u00eb n\u00eb BE. Iniciativa &#8220;Bashkit\u00eb p\u00ebr n\u00eb Evrop\u00eb&#8221; mb\u00ebshtet qeverit\u00eb vendore p\u00ebr kuptimin dhe p\u00ebrqafimin e rolit t\u00eb tyre n\u00eb procesin e integrimit n\u00eb BE, duke nxitur arritjen e standardeve evropiane n\u00eb nivel vendor.\u00a0 Ky projekt ka kontribuar n\u00eb forcimin e qeverisjes vendore dhe nxitjen e lidhjeve m\u00eb t\u00eb ngushta midis bashkive shqiptare dhe Bashkimit Evropian. <a href=\"https:\/\/eu4goodgovernance.eu\/sq\/komunat4eu\/\" target=\"_blank\" rel=\"noopener\">Lexo m\u00eb shum\u00eb&#8230;<\/a><\/p>\t\t\t\t\t\t\t\t<\/div>\n\t\t\t\t<\/div>\n\t\t\t\t<div class=\"elementor-element elementor-element-279d06c elementor-widget elementor-widget-heading\" data-id=\"279d06c\" data-element_type=\"widget\" data-e-type=\"widget\" data-widget_type=\"heading.default\">\n\t\t\t\t<div class=\"elementor-widget-container\">\n\t\t\t\t\t<h2 class=\"elementor-heading-title elementor-size-default\"><a href=\"https:\/\/eu4goodgovernance.eu\/star-3-project\/\">Projekti STAR 3<\/a><\/h2>\t\t\t\t<\/div>\n\t\t\t\t<\/div>\n\t\t\t\t<div class=\"elementor-element elementor-element-7657e35 elementor-widget elementor-widget-text-editor\" data-id=\"7657e35\" data-element_type=\"widget\" data-e-type=\"widget\" data-widget_type=\"text-editor.default\">\n\t\t\t\t<div class=\"elementor-widget-container\">\n\t\t\t\t\t\t\t\t\t<p>Mb\u00ebshtetja e BE-s\u00eb p\u00ebr Programin me shum\u00eb donator\u00eb STAR3: Bashk\u00ebfinancuar me partner\u00eb t\u00eb tjer\u00eb p\u00ebr zhvillim dhe zbatuar nga PNUD, nisma STAR3 synon forcimin e qeverisjes vendore, konsolidimin e arritjeve t\u00eb fazave t\u00eb m\u00ebparshme p\u00ebr t\u00eb rritur kapacitetet dhe p\u00ebr t\u00eb p\u00ebrmir\u00ebsuar ofrimin e sh\u00ebrbimeve n\u00eb nivel vendor. Nj\u00eb nism\u00eb strategjike me synim konsolidimin e arritjeve t\u00eb reformave t\u00eb decentralizimit n\u00eb Shqip\u00ebri. <a href=\"https:\/\/eu4goodgovernance.eu\/sq\/projekti-star-3\/\" target=\"_blank\" rel=\"noopener\">Lexo m\u00eb shum\u00eb&#8230;<\/a><\/p>\t\t\t\t\t\t\t\t<\/div>\n\t\t\t\t<\/div>\n\t\t\t\t<div class=\"elementor-element elementor-element-52ef535 elementor-widget elementor-widget-heading\" data-id=\"52ef535\" data-element_type=\"widget\" data-e-type=\"widget\" id=\"pefa\" data-widget_type=\"heading.default\">\n\t\t\t\t<div class=\"elementor-widget-container\">\n\t\t\t\t\t<h2 class=\"elementor-heading-title elementor-size-default\"><a href=\"https:\/\/eu4goodgovernance.eu\/albania-public-expenditure-and-financial-accountability-pefa\/\">Vler\u00ebsimi i shpenzimeve publike dhe p\u00ebrgjegjshm\u00ebris\u00eb financiare p\u00ebr Shqip\u00ebrin\u00eb (PEFA)<\/a><\/h2>\t\t\t\t<\/div>\n\t\t\t\t<\/div>\n\t\t\t\t<div class=\"elementor-element elementor-element-0487d09 elementor-widget elementor-widget-text-editor\" data-id=\"0487d09\" data-element_type=\"widget\" data-e-type=\"widget\" data-widget_type=\"text-editor.default\">\n\t\t\t\t<div class=\"elementor-widget-container\">\n\t\t\t\t\t\t\t\t\t<p>Vler\u00ebsimi i shpenzimeve publike dhe p\u00ebrgjegjshm\u00ebris\u00eb financiare p\u00ebr Shqip\u00ebrin\u00eb (PEFA) synon t&#8217;i ofroj\u00eb Qeveris\u00eb Shqiptare nj\u00eb diagnostikim objektiv t\u00eb p\u00ebrdit\u00ebsuar t\u00eb performanc\u00ebs komb\u00ebtare t\u00eb menaxhimit financiar publik (PFM) bazuar n\u00eb metodologjin\u00eb m\u00eb t\u00eb fundit t\u00eb PEFA. <a href=\"https:\/\/eu4goodgovernance.eu\/sq\/shqiperi-shpenzimet-publike-dhe-pergjegjshmeria-financiare-pefa\/\" target=\"_blank\" rel=\"noopener\">Lexo m\u00eb shum\u00eb&#8230;<\/a><\/p>\t\t\t\t\t\t\t\t<\/div>\n\t\t\t\t<\/div>\n\t\t\t\t<\/div>\n\t\t\t\t\t<\/div>\n\t\t\t\t<\/div>\n\t\t\t\t<\/div>\n\t\t","protected":false},"excerpt":{"rendered":"<p>EU4GG n\u00eb SHQIP\u00cbRI Programi BE p\u00ebr Mir\u00ebqeverisje Kreu Programi EU4GG Komponenti i mb\u00ebshtetjes s\u00eb buxhetit Projekti TA i BE-s\u00eb p\u00ebr Qeverisjen e Mir\u00eb EU4Bashkit\u00eb Komunat4EU PEPA Komponenti i mb\u00ebshtetjes buxhetore Mb\u00ebshtetja buxhetore synon t\u00eb p\u00ebrmir\u00ebsoj\u00eb qeverisjen n\u00ebp\u00ebrmjet transfertave t\u00eb drejtp\u00ebrdrejta financiare. Kjo qasje synon forcimin e aft\u00ebsis\u00eb s\u00eb Qeveris\u00eb Shqiptare p\u00ebr t\u00eb ekzekutuar reformat duke [&hellip;]<\/p>\n","protected":false},"author":2,"featured_media":0,"parent":0,"menu_order":0,"comment_status":"closed","ping_status":"closed","template":"","meta":{"footnotes":""},"class_list":["post-1357","page","type-page","status-publish","hentry"],"_links":{"self":[{"href":"https:\/\/eu4goodgovernance.eu\/sq\/wp-json\/wp\/v2\/pages\/1357","targetHints":{"allow":["GET"]}}],"collection":[{"href":"https:\/\/eu4goodgovernance.eu\/sq\/wp-json\/wp\/v2\/pages"}],"about":[{"href":"https:\/\/eu4goodgovernance.eu\/sq\/wp-json\/wp\/v2\/types\/page"}],"author":[{"embeddable":true,"href":"https:\/\/eu4goodgovernance.eu\/sq\/wp-json\/wp\/v2\/users\/2"}],"replies":[{"embeddable":true,"href":"https:\/\/eu4goodgovernance.eu\/sq\/wp-json\/wp\/v2\/comments?post=1357"}],"version-history":[{"count":35,"href":"https:\/\/eu4goodgovernance.eu\/sq\/wp-json\/wp\/v2\/pages\/1357\/revisions"}],"predecessor-version":[{"id":2982,"href":"https:\/\/eu4goodgovernance.eu\/sq\/wp-json\/wp\/v2\/pages\/1357\/revisions\/2982"}],"wp:attachment":[{"href":"https:\/\/eu4goodgovernance.eu\/sq\/wp-json\/wp\/v2\/media?parent=1357"}],"curies":[{"name":"wp","href":"https:\/\/api.w.org\/{rel}","templated":true}]}}