{"id":4018,"date":"2025-11-08T15:40:44","date_gmt":"2025-11-08T15:40:44","guid":{"rendered":"https:\/\/eu4goodgovernance.eu\/be-per-mireqeverisjen-konference-e-nivelit-te-larte\/"},"modified":"2026-02-26T11:35:05","modified_gmt":"2026-02-26T11:35:05","slug":"be-per-mireqeverisjen-konference-e-nivelit-te-larte","status":"publish","type":"page","link":"https:\/\/eu4goodgovernance.eu\/sq\/be-per-mireqeverisjen-konference-e-nivelit-te-larte\/","title":{"rendered":"BE P\u00cbR MIR\u00cbQEVERISJEN &#8211; KONFERENC\u00cb E NIVELIT T\u00cb LART\u00cb"},"content":{"rendered":"<figure><img decoding=\"async\" style=\"width: 657px; height: auto;\" src=\"https:\/\/eu4goodgovernance.eu\/wp-content\/uploads\/2025\/11\/Levelling-up-the-role-of-Albanian-Municipalities-in-EU-integration-logo-1024x555.png\" alt=\"\"><\/figure>\n<p>Organizuar nga <strong>EU4Good Governance<\/strong> n\u00eb bashk\u00ebpunim me <strong>Delegacionin e BE-s\u00eb n\u00eb Shqip\u00ebri<\/strong> , n\u00eb koordinim t\u00eb ngusht\u00eb me <strong>Ministrin e Shtetit p\u00ebr Qeverisjen Vendore<\/strong> t\u00eb Shqip\u00ebris\u00eb dhe <strong>Agjencin\u00eb p\u00ebr Mb\u00ebshtetjen e Vetqeverisjes Vendore<\/strong> (AMVV).<\/p>\n<figure><img decoding=\"async\" src=\"https:\/\/eu4goodgovernance.eu\/wp-content\/uploads\/2025\/11\/EU4GG-Organiser-Logos-1-1024x121.png\" alt=\"\"><\/figure>\n<p><strong>Data:<\/strong> <strong>13 N\u00ebntor 2025<\/strong><\/p>\n<h4>Roli i Bashkive Shqiptare n\u00eb Integrimin Evropian<br \/>Fuqizimi i Bashkive<\/h4>\n<p><strong>Objektivat kryesore<\/strong> :<\/p>\n<ul>\n<li>T\u00eb analizoj\u00eb rolin e bashkive shqiptare n\u00eb procesin e an\u00ebtar\u00ebsimit n\u00eb BE dhe n\u00eb zbatimin e acquis t\u00eb BE-s\u00eb.<\/li>\n<li>T\u00eb vanalizoj\u00eb dhe vler\u00ebsoj\u00eb m\u00ebnyrat p\u00ebr t\u00eb forcuar autonomin\u00eb financiare t\u00eb bashkive.<\/li>\n<li>T\u00eb vler\u00ebsoj\u00eb nevojat q\u00eb lidhen me forcimin e kapacitetit t\u00eb bashkive p\u00ebr t\u00eb zbatuar n\u00eb m\u00ebnyr\u00eb efektive decentralizimin n\u00eb dobi t\u00eb qytetar\u00ebve.<\/li>\n<\/ul>\n<p><strong>Programi \u2013 Tematikat kryesore<\/strong><\/p>\n<ol>\n<li><strong><u><strong><u>Bazat e Qeverisjes Vendore \u2013 R\u00ebnd\u00ebsia e Kart\u00ebs p\u00ebr Vet\u00ebqeverisjen Vendore<\/u><\/strong><\/u><\/strong><\/li>\n<\/ol>\n<p><strong>Karta p\u00ebrcakton q\u00eb n\u00ebnshkruesit e saj t&#8217;i p\u00ebrmbahen parimeve t\u00eb tilla si autonomia e autoriteteve lokale, e drejta e qytetar\u00ebve p\u00ebr t\u00eb<\/strong> marr\u00eb pjes\u00eb aktive n\u00eb \u00e7\u00ebshtjet lokale, e drejta e autoriteteve lokale p\u00ebr t\u00eb pasur strukturat e tyre dhe burime t\u00eb mjaftueshme financiare p\u00ebr t\u00eb zbatuar funksionet e tyre.<\/p>\n<p><em>Mesazhet kryesore: 40 <sup>vjetori<\/sup> i Kart\u00ebs p\u00ebr Qeverisjen Vendore, Monitorimi i Kart\u00ebs, Bazat dhe parimet e Administrat\u00ebs Publike Vendore dhe demokracis\u00eb vendore<\/em><\/p>\n<p>2.  <strong><u>Marr\u00ebdh\u00ebniet Fiskale Vendore<\/u><\/strong><\/p>\n<p>Do t\u00eb shqyrtojm\u00eb autonomin\u00eb financiare dhe fiskale t\u00eb qeverive vendore n\u00eb Shqip\u00ebri, duke p\u00ebrfshir\u00eb procesin e lidhur me decentralizimin fiskal, mbledhjen dhe administrimin e t\u00eb ardhurave nga taksat dhe tarifat vendore, mekanizmat e barazimit fiskal p\u00ebr Bashkit\u00eb, marr\u00ebdh\u00ebniet fiskale nd\u00ebrqeveritare, si dhe m\u00ebsimet e nxjerra nga financimi i funksioneve t\u00eb decentralizuara.<\/p>\n<p><em>Mesazhet kryesore: ruajtja e investimeve, r\u00ebnd\u00ebsia e decentralizimit fiskal dhe qeverisjes shum\u00ebnivel\u00ebshe, ndarja e taksave, rritja e t\u00eb ardhurave vetanake si nj\u00eb m\u00ebnyr\u00eb p\u00ebr t\u00eb forcuar kapacitetin p\u00ebr t\u00eb zbatuar funksionet sipas standardeve minimale<\/em> .<\/p>\n<p>3.  <strong><u>Roli i Bashkive n\u00eb Zhvillimin Territorial<\/u><\/strong><\/p>\n<p>Si pjes\u00eb e procesit t\u00eb integrimit n\u00eb BE, bashkit\u00eb jan\u00eb t\u00eb p\u00ebrfshira drejtp\u00ebrdrejt n\u00eb zbatimin e politik\u00ebs s\u00eb kohezionit t\u00eb BE-s\u00eb duke menaxhuar projekte dhe duke shp\u00ebrndar\u00eb fonde brenda territoreve t\u00eb tyre. Do t\u00eb shqyrtojm\u00eb nga af\u00ebr Kapitullin 22, sh\u00ebrbimet bashkiake dhe mund\u00ebsit\u00eb e lidhura me Bashk\u00ebpunimin Nd\u00ebrbashkiak.<\/p>\n<p><em><em>Mesazhet kryesore: M\u00ebsimet e nxjerra nga shp\u00ebrndarja e fondeve t\u00eb Kohezionit, mjetet e zhvillimit territorial dhe r\u00ebnd\u00ebsia e bashk\u00ebpunimit nd\u00ebrbashkiak n\u00eb zhvillimin territorial.<\/em><\/em><\/p>\n\n<p><strong>RENDI I DITES<\/strong><\/p>\n\n<div data-wp-interactive=\"core\/file\" class=\"wp-block-file\"><object data-wp-bind--hidden=\"!state.hasPdfPreview\" hidden class=\"wp-block-file__embed\" data=\"https:\/\/eu4goodgovernance.eu\/wp-content\/uploads\/2025\/11\/AGENDA-LG-HL-Conference-13Nov2025-EN-1.pdf\" type=\"application\/pdf\" style=\"width:100%;height:600px\" aria-label=\"Embed of AGENDA - LG HL Conference 13Nov2025 - EN.\"><\/object><a id=\"wp-block-file--media-fefe9c85-f731-4e28-8497-35bc5566e0d4\" href=\"https:\/\/eu4goodgovernance.eu\/wp-content\/uploads\/2025\/11\/AGENDA-LG-HL-Conference-13Nov2025-EN-1.pdf\">AGENDA &#8211; LG HL Conference 13Nov2025 &#8211; EN<\/a><a href=\"https:\/\/eu4goodgovernance.eu\/wp-content\/uploads\/2025\/11\/AGENDA-LG-HL-Conference-13Nov2025-EN-1.pdf\" class=\"wp-block-file__button wp-element-button\" download=\"\" aria-describedby=\"wp-block-file--media-fefe9c85-f731-4e28-8497-35bc5566e0d4\">Shkarko<\/a><\/div>\n\n<div data-wp-interactive=\"core\/file\" class=\"wp-block-file\"><object data-wp-bind--hidden=\"!state.hasPdfPreview\" hidden class=\"wp-block-file__embed\" data=\"https:\/\/eu4goodgovernance.eu\/wp-content\/uploads\/2025\/11\/Agjenda-Konferenca-e-PV-13Nentor2025-shqip-FINALE.pdf\" type=\"application\/pdf\" style=\"width:100%;height:600px\" aria-label=\"Embed of AGJENDA - Konferenca e PV - 13Nentor2025 - shqip - FINALE.\"><\/object><a id=\"wp-block-file--media-53b6a73c-d6ac-486f-b844-1c41f6d43484\" href=\"https:\/\/eu4goodgovernance.eu\/wp-content\/uploads\/2025\/11\/Agjenda-Konferenca-e-PV-13Nentor2025-shqip-FINALE.pdf\">AGJENDA &#8211; Konferenca e PV &#8211; 13Nentor2025 &#8211; shqip &#8211; FINALE<\/a><a href=\"https:\/\/eu4goodgovernance.eu\/wp-content\/uploads\/2025\/11\/Agjenda-Konferenca-e-PV-13Nentor2025-shqip-FINALE.pdf\" class=\"wp-block-file__button wp-element-button\" download=\"\" aria-describedby=\"wp-block-file--media-53b6a73c-d6ac-486f-b844-1c41f6d43484\">Shkarko<\/a><\/div>\n\n<p><strong>BIOT E PANELISTEVE<\/strong><\/p>\n\n<div data-wp-interactive=\"core\/file\" class=\"wp-block-file\"><object data-wp-bind--hidden=\"!state.hasPdfPreview\" hidden class=\"wp-block-file__embed\" data=\"https:\/\/eu4goodgovernance.eu\/wp-content\/uploads\/2025\/11\/Bio-Panelist-LG-HL-Conference-13-November-2025.pdf\" type=\"application\/pdf\" style=\"width:100%;height:600px\" aria-label=\"Embed of Bio Panelist LG HL Conference 13 November 2025.\"><\/object><a id=\"wp-block-file--media-0f6490f0-f8a6-4d74-b394-947fbf4537d2\" href=\"https:\/\/eu4goodgovernance.eu\/wp-content\/uploads\/2025\/11\/Bio-Panelist-LG-HL-Conference-13-November-2025.pdf\">Bio Panelist LG HL Conference 13 November 2025<\/a><a href=\"https:\/\/eu4goodgovernance.eu\/wp-content\/uploads\/2025\/11\/Bio-Panelist-LG-HL-Conference-13-November-2025.pdf\" class=\"wp-block-file__button wp-element-button\" download=\"\" aria-describedby=\"wp-block-file--media-0f6490f0-f8a6-4d74-b394-947fbf4537d2\">Shkarko<\/a><\/div>\n\n<p><strong>PREZANTIMET<\/strong><\/p>\n\n<p><strong>PANELI 2. Marr\u00ebdh\u00ebniet Fiskale Vendore: Fuqizimi i Autonomis\u00eb Financiare t\u00eb Bashkive<\/strong><\/p>\n\n<div class=\"wp-block-file\"><a id=\"wp-block-file--media-79753a45-5a59-4a02-9b83-ced15a4e1dd7\" href=\"https:\/\/eu4goodgovernance.eu\/wp-content\/uploads\/2025\/11\/Panel-2-Fran-Brahimi-Local-Fiscal-Relations-Strengthening-Financial-Autonomy-of-Municipalities-EN.pptx\">Paneli 2 &#8211; Fran Brahimi &#8211; Decentralizimi Fiskal- Forcimi i Autonomise\u0308 Financiare te\u0308 Bashkive &#8211; Anglisht<\/a><a href=\"https:\/\/eu4goodgovernance.eu\/wp-content\/uploads\/2025\/11\/Panel-2-Fran-Brahimi-Local-Fiscal-Relations-Strengthening-Financial-Autonomy-of-Municipalities-EN.pptx\" class=\"wp-block-file__button wp-element-button\" download=\"\" aria-describedby=\"wp-block-file--media-79753a45-5a59-4a02-9b83-ced15a4e1dd7\">Shkarko<\/a><\/div>\n\n<div class=\"wp-block-file\"><a id=\"wp-block-file--media-f68e3b4d-cea2-424b-af19-8ba74edf36ec\" href=\"https:\/\/eu4goodgovernance.eu\/wp-content\/uploads\/2025\/11\/Panel-2-Fran-Brahimi-Decentralizimi-Fiskal-Forcimi-i-Autonomise-Financiare-te-Bashkive-SHQIP.pptx\">Paneli 2 &#8211; Fran Brahimi &#8211; Decentralizimi Fiskal- Forcimi i Autonomise\u0308 Financiare te\u0308 Bashkive &#8211; SHQIP<\/a><a href=\"https:\/\/eu4goodgovernance.eu\/wp-content\/uploads\/2025\/11\/Panel-2-Fran-Brahimi-Decentralizimi-Fiskal-Forcimi-i-Autonomise-Financiare-te-Bashkive-SHQIP.pptx\" class=\"wp-block-file__button wp-element-button\" download=\"\" aria-describedby=\"wp-block-file--media-f68e3b4d-cea2-424b-af19-8ba74edf36ec\">Shkarko<\/a><\/div>\n\n<div data-wp-interactive=\"core\/file\" class=\"wp-block-file\"><object data-wp-bind--hidden=\"!state.hasPdfPreview\" hidden class=\"wp-block-file__embed\" data=\"https:\/\/eu4goodgovernance.eu\/wp-content\/uploads\/2025\/11\/Panel-2-Fiscal-Decentralisation-in-OECD-by-Margaux-Vincent-1.pdf\" type=\"application\/pdf\" style=\"width:100%;height:600px\" aria-label=\"Embed of Panel 2 - Fiscal Decentralisation in OECD and EU Countries- by Margaux Vincent.\"><\/object><a id=\"wp-block-file--media-7755871c-642c-42e2-846d-4835322a7ce5\" href=\"https:\/\/eu4goodgovernance.eu\/wp-content\/uploads\/2025\/11\/Panel-2-Fiscal-Decentralisation-in-OECD-by-Margaux-Vincent-1.pdf\">Paneli 2 &#8211; Decentralizimi Fiskal ne vendet e OECD dhe BE-se-, nga Margaux Vincent<\/a><a href=\"https:\/\/eu4goodgovernance.eu\/wp-content\/uploads\/2025\/11\/Panel-2-Fiscal-Decentralisation-in-OECD-by-Margaux-Vincent-1.pdf\" class=\"wp-block-file__button wp-element-button\" download=\"\" aria-describedby=\"wp-block-file--media-7755871c-642c-42e2-846d-4835322a7ce5\">Shkarko<\/a><\/div>\n\n<p><strong>PANELI 3. Roli i Bashkive n\u00eb Zhvillimin Territorial<\/strong><\/p>\n\n<div data-wp-interactive=\"core\/file\" class=\"wp-block-file\"><object data-wp-bind--hidden=\"!state.hasPdfPreview\" hidden class=\"wp-block-file__embed\" data=\"https:\/\/eu4goodgovernance.eu\/wp-content\/uploads\/2025\/11\/Panel-3-REGIO.D1_G-Kittel-EU4GoodGovernance-13.11.2025.pdf\" type=\"application\/pdf\" style=\"width:100%;height:600px\" aria-label=\"Embed of Panel 3 - REGIO.D1_GILLES KITTEL - Role of Local Governments in Territorial Development 13.11.2025.\"><\/object><a id=\"wp-block-file--media-e998b3e1-b8cc-40fc-bd69-a6d112e547b6\" href=\"https:\/\/eu4goodgovernance.eu\/wp-content\/uploads\/2025\/11\/Panel-3-REGIO.D1_G-Kittel-EU4GoodGovernance-13.11.2025.pdf\">Paneli 3 &#8211; REGIO.D1_GILLES KITTEL &#8211; Roli i Bashkive ne Zhvillimin Territorial<\/a><a href=\"https:\/\/eu4goodgovernance.eu\/wp-content\/uploads\/2025\/11\/Panel-3-REGIO.D1_G-Kittel-EU4GoodGovernance-13.11.2025.pdf\" class=\"wp-block-file__button wp-element-button\" download=\"\" aria-describedby=\"wp-block-file--media-e998b3e1-b8cc-40fc-bd69-a6d112e547b6\">Shkarko<\/a><\/div>\n\n<div data-wp-interactive=\"core\/file\" class=\"wp-block-file\"><object data-wp-bind--hidden=\"!state.hasPdfPreview\" hidden class=\"wp-block-file__embed\" data=\"https:\/\/eu4goodgovernance.eu\/wp-content\/uploads\/2025\/11\/Panel-3-Role-of-Local-Governments-in-Territorial-Development-PIETRO-CELOTTI-1.pdf\" type=\"application\/pdf\" style=\"width:100%;height:600px\" aria-label=\"Embed of Panel 3 - PIETRO CELOTTI - Role of Local Governments in Territorial Development.\"><\/object><a id=\"wp-block-file--media-6fc911e1-6423-4e1f-80a9-7d3502348047\" href=\"https:\/\/eu4goodgovernance.eu\/wp-content\/uploads\/2025\/11\/Panel-3-Role-of-Local-Governments-in-Territorial-Development-PIETRO-CELOTTI-1.pdf\">Panel 3 &#8211; PIETRO CELOTTI &#8211; Roli i Bashkive ne Zhvillimin territoorial<\/a><a href=\"https:\/\/eu4goodgovernance.eu\/wp-content\/uploads\/2025\/11\/Panel-3-Role-of-Local-Governments-in-Territorial-Development-PIETRO-CELOTTI-1.pdf\" class=\"wp-block-file__button wp-element-button\" download=\"\" aria-describedby=\"wp-block-file--media-6fc911e1-6423-4e1f-80a9-7d3502348047\">Shkarko<\/a><\/div>\n\n<p><\/p>\n","protected":false},"excerpt":{"rendered":"<p>Organizuar nga EU4Good Governance n\u00eb bashk\u00ebpunim me Delegacionin e BE-s\u00eb n\u00eb Shqip\u00ebri , n\u00eb koordinim t\u00eb ngusht\u00eb me Ministrin e Shtetit p\u00ebr Qeverisjen Vendore t\u00eb Shqip\u00ebris\u00eb dhe Agjencin\u00eb p\u00ebr Mb\u00ebshtetjen e Vetqeverisjes Vendore (AMVV). Data: 13 N\u00ebntor 2025 Roli i Bashkive Shqiptare n\u00eb Integrimin EvropianFuqizimi i Bashkive Objektivat kryesore : T\u00eb analizoj\u00eb rolin e bashkive [&hellip;]<\/p>\n","protected":false},"author":3,"featured_media":0,"parent":0,"menu_order":0,"comment_status":"closed","ping_status":"closed","template":"","meta":{"footnotes":""},"class_list":["post-4018","page","type-page","status-publish","hentry"],"_links":{"self":[{"href":"https:\/\/eu4goodgovernance.eu\/sq\/wp-json\/wp\/v2\/pages\/4018","targetHints":{"allow":["GET"]}}],"collection":[{"href":"https:\/\/eu4goodgovernance.eu\/sq\/wp-json\/wp\/v2\/pages"}],"about":[{"href":"https:\/\/eu4goodgovernance.eu\/sq\/wp-json\/wp\/v2\/types\/page"}],"author":[{"embeddable":true,"href":"https:\/\/eu4goodgovernance.eu\/sq\/wp-json\/wp\/v2\/users\/3"}],"replies":[{"embeddable":true,"href":"https:\/\/eu4goodgovernance.eu\/sq\/wp-json\/wp\/v2\/comments?post=4018"}],"version-history":[{"count":17,"href":"https:\/\/eu4goodgovernance.eu\/sq\/wp-json\/wp\/v2\/pages\/4018\/revisions"}],"predecessor-version":[{"id":4351,"href":"https:\/\/eu4goodgovernance.eu\/sq\/wp-json\/wp\/v2\/pages\/4018\/revisions\/4351"}],"wp:attachment":[{"href":"https:\/\/eu4goodgovernance.eu\/sq\/wp-json\/wp\/v2\/media?parent=4018"}],"curies":[{"name":"wp","href":"https:\/\/api.w.org\/{rel}","templated":true}]}}