{"id":4424,"date":"2026-03-22T20:20:13","date_gmt":"2026-03-22T20:20:13","guid":{"rendered":"https:\/\/eu4goodgovernance.eu\/?page_id=4424"},"modified":"2026-03-22T20:23:54","modified_gmt":"2026-03-22T20:23:54","slug":"be-per-mireqeverisjen-konference-e-nivelit-te-larte-5","status":"publish","type":"page","link":"https:\/\/eu4goodgovernance.eu\/sq\/be-per-mireqeverisjen-konference-e-nivelit-te-larte-5\/","title":{"rendered":"Konferenca e Nivelit t\u00eb Lart\u00eb t\u00eb PFM-s\u00eb"},"content":{"rendered":"\n<p>Informacioni do t\u00eb shtohet s\u00eb shpejti!<\/p>\n","protected":false},"excerpt":{"rendered":"<p>Informacioni do t\u00eb shtohet s\u00eb shpejti!<\/p>\n","protected":false},"author":1,"featured_media":3601,"parent":0,"menu_order":0,"comment_status":"closed","ping_status":"closed","template":"","meta":{"footnotes":""},"class_list":["post-4424","page","type-page","status-publish","has-post-thumbnail","hentry"],"_links":{"self":[{"href":"https:\/\/eu4goodgovernance.eu\/sq\/wp-json\/wp\/v2\/pages\/4424","targetHints":{"allow":["GET"]}}],"collection":[{"href":"https:\/\/eu4goodgovernance.eu\/sq\/wp-json\/wp\/v2\/pages"}],"about":[{"href":"https:\/\/eu4goodgovernance.eu\/sq\/wp-json\/wp\/v2\/types\/page"}],"author":[{"embeddable":true,"href":"https:\/\/eu4goodgovernance.eu\/sq\/wp-json\/wp\/v2\/users\/1"}],"replies":[{"embeddable":true,"href":"https:\/\/eu4goodgovernance.eu\/sq\/wp-json\/wp\/v2\/comments?post=4424"}],"version-history":[{"count":3,"href":"https:\/\/eu4goodgovernance.eu\/sq\/wp-json\/wp\/v2\/pages\/4424\/revisions"}],"predecessor-version":[{"id":4447,"href":"https:\/\/eu4goodgovernance.eu\/sq\/wp-json\/wp\/v2\/pages\/4424\/revisions\/4447"}],"wp:featuredmedia":[{"embeddable":true,"href":"https:\/\/eu4goodgovernance.eu\/sq\/wp-json\/wp\/v2\/media\/3601"}],"wp:attachment":[{"href":"https:\/\/eu4goodgovernance.eu\/sq\/wp-json\/wp\/v2\/media?parent=4424"}],"curies":[{"name":"wp","href":"https:\/\/api.w.org\/{rel}","templated":true}]}}